{"id":8054,"date":"2022-10-27T17:04:38","date_gmt":"2022-10-27T15:04:38","guid":{"rendered":"https:\/\/formatconversion.com\/?page_id=8054"},"modified":"2025-02-21T15:05:25","modified_gmt":"2025-02-21T14:05:25","slug":"how-does-it-work","status":"publish","type":"page","link":"https:\/\/formatconversion.com\/sv\/hur-gar-det-till\/","title":{"rendered":"Hur g\u00e5r det till?"},"content":{"rendered":"<div class=\"wpb-content-wrapper\">[vc_row][vc_column width=&#8221;2\/3&#8243;][vc_column_text css=&#8221;.vc_custom_1666883425127{margin-bottom: 0px !important;}&#8221;]\n<h1>Hur g\u00e5r det till?<\/h1>\n<p><strong>Vi har i m\u00e5nga\u00a0\u00e5r genomf\u00f6rt ett stort antal konverteringsarbeten av information i dokument\u00a0genom att\u00a0digitalisera dessa, exempelvis fr\u00e5n en pappersritning till en modern cad-modell i 3D-teknik, f\u00f6rsedd med branschanpassade\u00a0cad-objekt. Och allt utf\u00f6rt enligt svenska eller internationella\u00a0standarder och kundkrav.<\/strong><\/p>\n<p>Varje dokument f\u00f6rses med nya ritst\u00e4mplar och s\u00f6kbara texter i dessa. Denna information kan sedan anv\u00e4ndas f\u00f6r att automatiskt registrera dokumenten i dokumenthanteringssystemet, exempelvis v\u00e5ra Trix-produkter.<\/p>\n<p>Med v\u00e5rt\u00a0omfattande tj\u00e4nsteutbud kan vi f\u00f6r\u00e4ndra ert pappersbaserade\u00a0ritningsbest\u00e5nd fr\u00e5n passiva pappersritningar till aktiva cad-modeller, som ni kan anv\u00e4nda p\u00e5 m\u00e5nga olika s\u00e4tt i er verksamhet.<\/p>\n<p>Exempel \u00e4r ett b\u00e4ttre underlag f\u00f6r hyres- och st\u00e4davtal, b\u00e4ttre projekteringsunderlag inf\u00f6r ombyggnader eller ett presentationsmaterial f\u00f6r uthyrningsverksamheten och arealer automatiskt ber\u00e4knade utifr\u00e5n intelligenta byggobjekt i ritningen och mycket mer.<\/p>\n<p>En annan typ av digitaliseringsarbeten vi genomf\u00f6r \u00e4r snabba och enkla konvertering av enstaka ritningar, l\u00f6pande efter behov. Exempel \u00e4r n\u00e5gra ritningar som skall skickas vidare f\u00f6r projektering, d\u00e4r det blir billigare att leverera f\u00e4rdiga cad-ritningar till projektet.<\/p>\n<p>Vi arbetar med CAD-verktyg som AutoCAD, Revit, Microstation, Trix och Solid Works.[\/vc_column_text][vc_toggle title=&#8221;Arbetets genomf\u00f6rande&#8221; el_id=&#8221;1549469637812-fc1fa3ac-ffdc&#8221; el_class=&#8221;faq-style&#8221;]Vid digitaliseringen beh\u00f6ver underlagen samlas in, eventuellt skannas och grovsorteras. Det \u00e4r ocks\u00e5 l\u00e4mpligt att klassa ritningarna enligt l\u00e4mplig standard f\u00f6r att underl\u00e4tta \u00f6verblick efter digitaliseringen. Ibland \u00e4r det \u00e4ven l\u00e4mpligt att inf\u00f6ra revideringar p\u00e5 underlagen s\u00e5 att dessa kommer med vid konverteringen.<\/p>\n<p>Vi arbetar i huvudsak med Autodesks produkter, men kan \u00e4ven hantera andra CAD-produkter.<\/p>\n<p>I arbetet ing\u00e5r att skapa registreringsunderlag, vanligtvis genom att s\u00e4kerst\u00e4lla att nya ritst\u00e4mplar kan l\u00e4sas av automatiskt vid inl\u00e4sningen i databasen i slutfasen av arbetet. Efter viss leveranskontroll l\u00e4ses dokumenten in tillsammans med sina registeruppgifter och bildar d\u00e4rmed en f\u00e4rdig leverans.<\/p>\n<p>En annan enklare typ av digitaliseringsarbeten vi genomf\u00f6r \u00e4r snabba och enkla konvertering av enstaka ritningar, l\u00f6pande efter behov. Exempel \u00e4r n\u00e5gra ritningar som skall skickas vidare f\u00f6r projektering, d\u00e4r det blir billigare att leverera f\u00e4rdiga cad-ritningar till projektet.[\/vc_toggle][vc_separator color=&#8221;white&#8221;][vc_single_image image=&#8221;7846&#8243; img_size=&#8221;full&#8221; title=&#8221;Fl\u00f6desschema f\u00f6r arbetet&#8221;][\/vc_column][vc_column width=&#8221;1\/3&#8243;][vc_single_image image=&#8221;7206&#8243; img_size=&#8221;full&#8221;][mk_button size=&#8221;medium&#8221; icon=&#8221;mk-moon-upload-7&#8243; url=&#8221;https:\/\/formatconversion.com\/sv\/upp-och-nedladdning\/&#8221; fullwidth=&#8221;true&#8221;]Konvertera ritning![\/mk_button][vc_toggle title=&#8221;Insamling av dokumentunderlag&#8221; el_id=&#8221;1549469093828-bfed23fd-1ded&#8221; el_class=&#8221;faq-style&#8221;]Dokument som skall digitaliseras skall samlas in och registreras i syfte att fastst\u00e4lla omfattningen. I arbetet ing\u00e5r att grovsortera och transportera underlagen till oss p\u00e5 l\u00e4mpligt s\u00e4tt.[\/vc_toggle][vc_toggle title=&#8221;Sortering och klassificering&#8221; el_id=&#8221;1549469179353-14fe77cc-81f4&#8243; el_class=&#8221;faq-style&#8221;]Dokumenten m\u00e5ste sorteras och klassas f\u00f6r att underl\u00e4tta ordning och reda i arbetet med att etablera det nya arkivet. Sorteringsordningen g\u00f6rs objektsvis, exempelvis per byggnad\/v\u00e5ningsplan eller maskin\/del\/komponent. Vi kan utf\u00f6ra klassificering av dokumenten s\u00e5 att de f\u00f6rses med klassificeringskoder f\u00f6r dokumentklass, typ, tekniskt system och teknikomr\u00e5de, samt eventuellt fler koder. Samtidigt utf\u00f6rs den n\u00f6dv\u00e4ndiga kontrollen att underlagen har tillr\u00e4ckligt god kvalitet s\u00e5 att informationen \u00e4r begriplig.[\/vc_toggle][vc_toggle title=&#8221;Skanning&#8221; el_id=&#8221;1549469224911-1d9003f5-e2e9&#8243; el_class=&#8221;faq-style&#8221;]Pappersdokument m\u00e5ste skannas med b\u00e4sta kvalitet f\u00f6r att bilda ett bra underlag f\u00f6r digitaliseringen. Vanligast \u00e4r att anlita en extern skanningspartner n\u00e4ra det fysiska arkivet f\u00f6r att undvika l\u00e5ngv\u00e4ga transporter och de risker f\u00f6r f\u00f6rlust av arkivunderlagen som \u00e4r f\u00f6rknippande med detta. Vi kan \u00e5ta oss att genomf\u00f6ra arbetet, s\u00e5 att det kan samordnas p\u00e5 ett smidigt s\u00e4tt, och i kombination med sortering och klassificering blir det kostnadseffektivt att vi genomf\u00f6r hela arbetet.[\/vc_toggle][vc_toggle title=&#8221;Uppr\u00e4ttande av underlag f\u00f6r digitalisering&#8221; el_id=&#8221;1549469261946-54c67534-dead&#8221; el_class=&#8221;faq-style&#8221;]Vissa ritningar beh\u00f6ver kompletteras med uppgifter f\u00f6r att de skall bli ett bra underlag f\u00f6r nya ritningar. Vanligaste uppgiften \u00e4r tillf\u00f6ra m\u00e5ttuppgifter eller komplettera med st\u00f6rre objekt som saknas. M\u00e5let skall alltid vara att tillf\u00f6ra de viktigaste objekten som styr de stora dragen i en konstruktion, exempelvis ytterv\u00e4ggar och pelare. Detaljer kan med f\u00f6rdel inf\u00f6ras n\u00e4r digitaliseringen \u00e4r klar, genom att det \u00e4r enklare att redigera en cad-fil \u00e4n en skannad fil.[\/vc_toggle][vc_toggle title=&#8221;Konvertering till AutoCAD Architecture och Autodesk Revit&#8221; el_id=&#8221;1549469305643-96cb2640-4cfa&#8221; el_class=&#8221;faq-style&#8221;]Vi sammanst\u00e4ller och instruerar v\u00e5ra samarbetspartners i Asien hur arbetet skall utf\u00f6ras. D\u00e4refter bevakar vi arbetet och f\u00f6r en kontinuerlig dialog med de ingenj\u00f6rer som genomf\u00f6r arbetet. N\u00e4r de omritade cad-filerna levererats till oss genomf\u00f6rs ett kontrollarbete d\u00e4r vi s\u00e4kerst\u00e4ller att modellerna har erforderlig kvalitet och att arbetet \u00e4r komplett i f\u00f6rh\u00e5llande till de ursprungliga ritningarna och kraven.[\/vc_toggle][vc_toggle title=&#8221;Registrering av metadata&#8221; el_id=&#8221;1549469343433-7c69dd4e-0e2f&#8221; el_class=&#8221;faq-style&#8221;]Vi kan registrera all metadata f\u00f6r de aktuella dokumenten. Metadata i ritst\u00e4mplar kan l\u00e4sas direkt om vi anv\u00e4nder anpassade ritst\u00e4mplar fr\u00e5n b\u00f6rjan. I arbetet registreras de uppgifter vi f\u00e5tt tillhanda eller samordnat i uppdraget.[\/vc_toggle][vc_toggle title=&#8221;Informationskontroll&#8221; el_id=&#8221;1549469379150-ea5540d4-9452&#8243; el_class=&#8221;faq-style&#8221;]Slutkontroll av hela omfattningen g\u00f6rs utifr\u00e5n krav och branschstandarder. Arbetet g\u00f6rs i huvudsak n\u00e4r inl\u00e4sningen till Trix-databasen sker. Detta eftersom det finns funktioner som underst\u00f6djer kontrollen.[\/vc_toggle][vc_toggle title=&#8221;Leverans och import av informationen&#8221; el_id=&#8221;1549469415686-b0c51e90-1989&#8243; el_class=&#8221;faq-style&#8221;]Inl\u00e4sningen till Trix-databasen \u00e4r det sista steget f\u00f6re slutleverans. Arbetet g\u00f6rs i regel med inl\u00e4sning av information som redan genomg\u00e5tt alla kvalitetstester hos oss. Om informationen skall synkroniseras med befintlig sker det i kundens databas.[\/vc_toggle][\/vc_column][\/vc_row]\n<\/div>","protected":false},"excerpt":{"rendered":"<p>[vc_row][vc_column width=&#8221;2\/3&#8243;][vc_column_text css=&#8221;.vc_custom_1666883425127{margin-bottom: 0px !important;}&#8221;] Hur g\u00e5r det till? Vi har i m\u00e5nga\u00a0\u00e5r genomf\u00f6rt ett stort antal konverteringsarbeten av information i dokument\u00a0genom att\u00a0digitalisera dessa, exempelvis fr\u00e5n en pappersritning till en modern cad-modell i 3D-teknik, f\u00f6rsedd med branschanpassade\u00a0cad-objekt. Och allt utf\u00f6rt enligt svenska eller internationella\u00a0standarder och kundkrav. Varje dokument f\u00f6rses med nya ritst\u00e4mplar och s\u00f6kbara texter [&hellip;]<\/p>\n","protected":false},"author":1,"featured_media":0,"parent":0,"menu_order":0,"comment_status":"closed","ping_status":"closed","template":"","meta":[],"translation":{"provider":"WPGlobus","version":"3.0.0","language":"sv","enabled_languages":["en","sv"],"languages":{"en":{"title":true,"content":true,"excerpt":false},"sv":{"title":true,"content":true,"excerpt":false}}},"_links":{"self":[{"href":"https:\/\/formatconversion.com\/sv\/wp-json\/wp\/v2\/pages\/8054"}],"collection":[{"href":"https:\/\/formatconversion.com\/sv\/wp-json\/wp\/v2\/pages"}],"about":[{"href":"https:\/\/formatconversion.com\/sv\/wp-json\/wp\/v2\/types\/page"}],"author":[{"embeddable":true,"href":"https:\/\/formatconversion.com\/sv\/wp-json\/wp\/v2\/users\/1"}],"replies":[{"embeddable":true,"href":"https:\/\/formatconversion.com\/sv\/wp-json\/wp\/v2\/comments?post=8054"}],"version-history":[{"count":10,"href":"https:\/\/formatconversion.com\/sv\/wp-json\/wp\/v2\/pages\/8054\/revisions"}],"predecessor-version":[{"id":8203,"href":"https:\/\/formatconversion.com\/sv\/wp-json\/wp\/v2\/pages\/8054\/revisions\/8203"}],"wp:attachment":[{"href":"https:\/\/formatconversion.com\/sv\/wp-json\/wp\/v2\/media?parent=8054"}],"curies":[{"name":"wp","href":"https:\/\/api.w.org\/{rel}","templated":true}]}}