{"id":7963,"date":"2022-10-09T17:21:01","date_gmt":"2022-10-09T15:21:01","guid":{"rendered":"https:\/\/xtest.ritningskonvertering.se\/?page_id=7963"},"modified":"2022-10-11T20:05:06","modified_gmt":"2022-10-11T18:05:06","slug":"pricing","status":"publish","type":"page","link":"https:\/\/formatconversion.com\/sv\/prissattning\/","title":{"rendered":"Priss\u00e4ttning"},"content":{"rendered":"<div class=\"wpb-content-wrapper\">[vc_row][vc_column width=&#8221;2\/3&#8243;][vc_column_text css=&#8221;.vc_custom_1665511442644{margin-bottom: 0px !important;}&#8221;]\n<h1>Priser<\/h1>\n<h3><strong>Med utg\u00e5ngspunkter fr\u00e5n ett baspris och m\u00e5nga till\u00e4gg<\/strong><\/h3>\n<p><strong>Priss\u00e4ttningen av ritningskonverteringen \u00e4r komplex eftersom ritningar har s\u00e5 v\u00e4ldigt olika utformning och omfattning av ritentiteter. Prislistan utg\u00e5r fr\u00e5n parametrar som pappersstorlek, ritningstyp, omfattning av ritentiteter och kvaliteten p\u00e5 informationen.<\/strong><\/p>\n<p>Priserna anges med st\u00f6d av hj\u00e4lpmedel i varje del. Dessutom hj\u00e4lper vi g\u00e4rna till att skapa ett konkurrenskraftigt pris f\u00f6r varje tillf\u00e4lle. Priser \u00e4r ett exempel, inte en offert.[\/vc_column_text][mk_table]\n<table style=\"height: 144px;\" width=\"900\">\n<thead>\n<tr>\n<th>Artikel<\/th>\n<th>Beskrivning<\/th>\n<th>Pris SEK<\/th>\n<\/tr>\n<\/thead>\n<tbody>\n<tr>\n<td>1400<\/td>\n<td>\n<table width=\"355\">\n<tbody>\n<tr>\n<td width=\"355\">Papper till CAD A4\/US ltr &#8211; normal densitet<\/td>\n<\/tr>\n<\/tbody>\n<\/table>\n<\/td>\n<td style=\"text-align: right;\">365<\/td>\n<\/tr>\n<tr>\n<td>1401<\/td>\n<td>\n<table width=\"355\">\n<tbody>\n<tr>\n<td width=\"355\">Papper till CAD A3\/B &#8211; normal densitet<\/td>\n<\/tr>\n<\/tbody>\n<\/table>\n<\/td>\n<td style=\"text-align: right;\">520<\/td>\n<\/tr>\n<tr>\n<td>1402<\/td>\n<td>\n<table width=\"355\">\n<tbody>\n<tr>\n<td width=\"355\">Papper till CAD A2\/C &#8211; normal densitet<\/td>\n<\/tr>\n<\/tbody>\n<\/table>\n<\/td>\n<td style=\"text-align: right;\">830<\/td>\n<\/tr>\n<tr>\n<td>1403<\/td>\n<td>\n<table width=\"355\">\n<tbody>\n<tr>\n<td width=\"355\">Papper till CAD A1\/D &#8211; normal densitet<\/td>\n<\/tr>\n<\/tbody>\n<\/table>\n<\/td>\n<td style=\"text-align: right;\">1035<\/td>\n<\/tr>\n<tr>\n<td>1404<\/td>\n<td>\n<table width=\"355\">\n<tbody>\n<tr>\n<td width=\"355\">Papper till CAD A0\/E &#8211; normal densitet<\/td>\n<\/tr>\n<\/tbody>\n<\/table>\n<\/td>\n<td style=\"text-align: right;\">1350<\/td>\n<\/tr>\n<\/tbody>\n<\/table>\n[\/mk_table][\/vc_column][vc_column width=&#8221;1\/3&#8243;][vc_single_image image=&#8221;7200&#8243; img_size=&#8221;full&#8221;][\/vc_column][\/vc_row]\n<\/div>","protected":false},"excerpt":{"rendered":"<p>[vc_row][vc_column width=&#8221;2\/3&#8243;][vc_column_text css=&#8221;.vc_custom_1665511442644{margin-bottom: 0px !important;}&#8221;] Priser Med utg\u00e5ngspunkter fr\u00e5n ett baspris och m\u00e5nga till\u00e4gg Priss\u00e4ttningen av ritningskonverteringen \u00e4r komplex eftersom ritningar har s\u00e5 v\u00e4ldigt olika utformning och omfattning av ritentiteter. Prislistan utg\u00e5r fr\u00e5n parametrar som pappersstorlek, ritningstyp, omfattning av ritentiteter och kvaliteten p\u00e5 informationen. Priserna anges med st\u00f6d av hj\u00e4lpmedel i varje del. Dessutom hj\u00e4lper [&hellip;]<\/p>\n","protected":false},"author":1,"featured_media":0,"parent":0,"menu_order":0,"comment_status":"closed","ping_status":"closed","template":"","meta":[],"translation":{"provider":"WPGlobus","version":"3.0.0","language":"sv","enabled_languages":["en","sv"],"languages":{"en":{"title":true,"content":true,"excerpt":false},"sv":{"title":true,"content":true,"excerpt":false}}},"_links":{"self":[{"href":"https:\/\/formatconversion.com\/sv\/wp-json\/wp\/v2\/pages\/7963"}],"collection":[{"href":"https:\/\/formatconversion.com\/sv\/wp-json\/wp\/v2\/pages"}],"about":[{"href":"https:\/\/formatconversion.com\/sv\/wp-json\/wp\/v2\/types\/page"}],"author":[{"embeddable":true,"href":"https:\/\/formatconversion.com\/sv\/wp-json\/wp\/v2\/users\/1"}],"replies":[{"embeddable":true,"href":"https:\/\/formatconversion.com\/sv\/wp-json\/wp\/v2\/comments?post=7963"}],"version-history":[{"count":10,"href":"https:\/\/formatconversion.com\/sv\/wp-json\/wp\/v2\/pages\/7963\/revisions"}],"predecessor-version":[{"id":8187,"href":"https:\/\/formatconversion.com\/sv\/wp-json\/wp\/v2\/pages\/7963\/revisions\/8187"}],"wp:attachment":[{"href":"https:\/\/formatconversion.com\/sv\/wp-json\/wp\/v2\/media?parent=7963"}],"curies":[{"name":"wp","href":"https:\/\/api.w.org\/{rel}","templated":true}]}}