{"id":7877,"date":"2022-10-02T20:02:19","date_gmt":"2022-10-02T18:02:19","guid":{"rendered":"https:\/\/xtest.ritningskonvertering.se\/?page_id=7877"},"modified":"2025-02-17T16:28:32","modified_gmt":"2025-02-17T15:28:32","slug":"investors","status":"publish","type":"page","link":"https:\/\/formatconversion.com\/sv\/investerare\/","title":{"rendered":"Investerare"},"content":{"rendered":"<div class=\"wpb-content-wrapper\">[vc_row][vc_column width=&#8221;2\/3&#8243;][vc_column_text css=&#8221;.vc_custom_1739806110337{margin-bottom: 0px !important;}&#8221;]\n<h1>V\u00c5RA PRODUKTER &amp; TJ\u00c4NSTER P\u00c5 EN GLOBAL MARKNAD<\/h1>\n<p>Hela produkt- och tj\u00e4nsteserien som den \u00e4r beskriven p\u00e5 dessa sidor tillf\u00f6r merv\u00e4rden oavsett geografiskt indelade marknadssegment eller i vilken bransch potentiella kunder finns.<\/p>\n<p>Vi s\u00f6ker investerare f\u00f6r att maximalt kunna bredda marknadsf\u00f6ring och f\u00f6rs\u00e4ljning utifr\u00e5n ett globalt perspektiv, d\u00e4r flertalet av v\u00e5ra produktionsenheter \u00e4r lokaliserade i Asien.<\/p>\n<p>Vi \u00e4gare \u00e4r ocks\u00e5 intresserade att s\u00e4lja bolagen.<\/p>\n<p>Vid intresse kontakta Thomas Malmberg, VD, <a href=\"mailto:tm@trixsystems.se\">tm@trixsystems.se<\/a>.[\/vc_column_text][\/vc_column][vc_column width=&#8221;1\/3&#8243;][vc_single_image image=&#8221;7797&#8243; img_size=&#8221;full&#8221;][\/vc_column][\/vc_row]\n<\/div>","protected":false},"excerpt":{"rendered":"<p>[vc_row][vc_column width=&#8221;2\/3&#8243;][vc_column_text css=&#8221;.vc_custom_1739806110337{margin-bottom: 0px !important;}&#8221;] V\u00c5RA PRODUKTER &amp; TJ\u00c4NSTER P\u00c5 EN GLOBAL MARKNAD Hela produkt- och tj\u00e4nsteserien som den \u00e4r beskriven p\u00e5 dessa sidor tillf\u00f6r merv\u00e4rden oavsett geografiskt indelade marknadssegment eller i vilken bransch potentiella kunder finns. Vi s\u00f6ker investerare f\u00f6r att maximalt kunna bredda marknadsf\u00f6ring och f\u00f6rs\u00e4ljning utifr\u00e5n ett globalt perspektiv, d\u00e4r flertalet av [&hellip;]<\/p>\n","protected":false},"author":1,"featured_media":0,"parent":0,"menu_order":0,"comment_status":"closed","ping_status":"closed","template":"","meta":{"footnotes":""},"class_list":["post-7877","page","type-page","status-publish","hentry"],"translation":{"provider":"WPGlobus","version":"3.0.2","language":"sv","enabled_languages":["en","sv"],"languages":{"en":{"title":true,"content":true,"excerpt":false},"sv":{"title":true,"content":true,"excerpt":false}}},"_links":{"self":[{"href":"https:\/\/formatconversion.com\/sv\/wp-json\/wp\/v2\/pages\/7877","targetHints":{"allow":["GET"]}}],"collection":[{"href":"https:\/\/formatconversion.com\/sv\/wp-json\/wp\/v2\/pages"}],"about":[{"href":"https:\/\/formatconversion.com\/sv\/wp-json\/wp\/v2\/types\/page"}],"author":[{"embeddable":true,"href":"https:\/\/formatconversion.com\/sv\/wp-json\/wp\/v2\/users\/1"}],"replies":[{"embeddable":true,"href":"https:\/\/formatconversion.com\/sv\/wp-json\/wp\/v2\/comments?post=7877"}],"version-history":[{"count":7,"href":"https:\/\/formatconversion.com\/sv\/wp-json\/wp\/v2\/pages\/7877\/revisions"}],"predecessor-version":[{"id":8160,"href":"https:\/\/formatconversion.com\/sv\/wp-json\/wp\/v2\/pages\/7877\/revisions\/8160"}],"wp:attachment":[{"href":"https:\/\/formatconversion.com\/sv\/wp-json\/wp\/v2\/media?parent=7877"}],"curies":[{"name":"wp","href":"https:\/\/api.w.org\/{rel}","templated":true}]}}