{"id":7871,"date":"2022-10-02T20:00:23","date_gmt":"2022-10-02T18:00:23","guid":{"rendered":"https:\/\/xtest.ritningskonvertering.se\/?page_id=7871"},"modified":"2025-02-17T16:34:14","modified_gmt":"2025-02-17T15:34:14","slug":"links","status":"publish","type":"page","link":"https:\/\/formatconversion.com\/sv\/lankar\/","title":{"rendered":"L\u00e4nkar"},"content":{"rendered":"<div class=\"wpb-content-wrapper\">[vc_row][vc_column width=&#8221;2\/3&#8243;][vc_column_text css=&#8221;.vc_custom_1739806452366{margin-bottom: 0px !important;}&#8221;]\n<h1>L\u00e4nkar till v\u00e5ra siter<\/h1>\n<p>Vi har flera internetsidor p\u00e5 andra l\u00e4nkar. Titta g\u00e4rna p\u00e5 dessa. Dessa \u00e4r:<\/p>\n<p><a href=\"https:\/\/trixservices.se\">www.trixservices.se <\/a>\u2013 Trix-tj\u00e4nster<br \/>\n<a href=\"https:\/\/www.trixsystems.se\">www.trixsystems.se <\/a> \u2013 Trix-produkter<br \/>\n<a href=\"https:\/\/www.ritningskonvertering.se\">www.ritningskonvertering.se<\/a>\u00a0\u2013 Ritningskonvertering i Sverige<br \/>\n<a href=\"https:\/\/www.formatconversion.com\">www.formatconversion.com<\/a>\u00a0\u2013 Ritningskonvertering i USA och Storbritannien[\/vc_column_text][\/vc_column][vc_column width=&#8221;1\/3&#8243;][vc_single_image image=&#8221;8015&#8243; img_size=&#8221;full&#8221;][\/vc_column][\/vc_row]\n<\/div>","protected":false},"excerpt":{"rendered":"<p>[vc_row][vc_column width=&#8221;2\/3&#8243;][vc_column_text css=&#8221;.vc_custom_1739806452366{margin-bottom: 0px !important;}&#8221;] L\u00e4nkar till v\u00e5ra siter Vi har flera internetsidor p\u00e5 andra l\u00e4nkar. Titta g\u00e4rna p\u00e5 dessa. Dessa \u00e4r: www.trixservices.se \u2013 Trix-tj\u00e4nster www.trixsystems.se \u2013 Trix-produkter www.ritningskonvertering.se\u00a0\u2013 Ritningskonvertering i Sverige www.formatconversion.com\u00a0\u2013 Ritningskonvertering i USA och Storbritannien[\/vc_column_text][\/vc_column][vc_column width=&#8221;1\/3&#8243;][vc_single_image image=&#8221;8015&#8243; img_size=&#8221;full&#8221;][\/vc_column][\/vc_row]<\/p>\n","protected":false},"author":1,"featured_media":0,"parent":0,"menu_order":0,"comment_status":"closed","ping_status":"closed","template":"","meta":[],"translation":{"provider":"WPGlobus","version":"3.0.0","language":"sv","enabled_languages":["en","sv"],"languages":{"en":{"title":true,"content":true,"excerpt":false},"sv":{"title":true,"content":true,"excerpt":false}}},"_links":{"self":[{"href":"https:\/\/formatconversion.com\/sv\/wp-json\/wp\/v2\/pages\/7871"}],"collection":[{"href":"https:\/\/formatconversion.com\/sv\/wp-json\/wp\/v2\/pages"}],"about":[{"href":"https:\/\/formatconversion.com\/sv\/wp-json\/wp\/v2\/types\/page"}],"author":[{"embeddable":true,"href":"https:\/\/formatconversion.com\/sv\/wp-json\/wp\/v2\/users\/1"}],"replies":[{"embeddable":true,"href":"https:\/\/formatconversion.com\/sv\/wp-json\/wp\/v2\/comments?post=7871"}],"version-history":[{"count":7,"href":"https:\/\/formatconversion.com\/sv\/wp-json\/wp\/v2\/pages\/7871\/revisions"}],"predecessor-version":[{"id":8163,"href":"https:\/\/formatconversion.com\/sv\/wp-json\/wp\/v2\/pages\/7871\/revisions\/8163"}],"wp:attachment":[{"href":"https:\/\/formatconversion.com\/sv\/wp-json\/wp\/v2\/media?parent=7871"}],"curies":[{"name":"wp","href":"https:\/\/api.w.org\/{rel}","templated":true}]}}