{"id":7253,"date":"2019-02-06T20:05:17","date_gmt":"2019-02-06T19:05:17","guid":{"rendered":"http:\/\/xtest.ritningskonvertering.se\/?page_id=7253"},"modified":"2022-10-27T21:11:47","modified_gmt":"2022-10-27T19:11:47","slug":"customer-references","status":"publish","type":"page","link":"https:\/\/formatconversion.com\/sv\/kundreferenser\/","title":{"rendered":"Kundreferenser"},"content":{"rendered":"<div class=\"wpb-content-wrapper\">[vc_row][vc_column width=&#8221;2\/3&#8243;][vc_column_text css=&#8221;.vc_custom_1666897919673{margin-bottom: 0px !important;}&#8221;]\n<h1>Kundreferenser<\/h1>\n<p><strong>M\u00e5nga kunder har anv\u00e4nt v\u00e5ra tj\u00e4nster, h\u00e4r \u00e4r n\u00e5gra referenser.<\/strong>[\/vc_column_text][mk_blog style=&#8221;grid&#8221; grid_image_height=&#8221;180&#8243; disable_meta=&#8221;false&#8221; excerpt_length=&#8221;90&#8243; pagination=&#8221;false&#8221; count=&#8221;6&#8243; posts=&#8221;7291,7295,7279,7283,7299,7272&#8243;][\/vc_column][vc_column width=&#8221;1\/3&#8243;][vc_single_image image=&#8221;7254&#8243; img_size=&#8221;full&#8221;][\/vc_column][\/vc_row]\n<\/div>","protected":false},"excerpt":{"rendered":"<p>[vc_row][vc_column width=&#8221;2\/3&#8243;][vc_column_text css=&#8221;.vc_custom_1666897919673{margin-bottom: 0px !important;}&#8221;] Kundreferenser M\u00e5nga kunder har anv\u00e4nt v\u00e5ra tj\u00e4nster, h\u00e4r \u00e4r n\u00e5gra referenser.[\/vc_column_text][mk_blog style=&#8221;grid&#8221; grid_image_height=&#8221;180&#8243; disable_meta=&#8221;false&#8221; excerpt_length=&#8221;90&#8243; pagination=&#8221;false&#8221; count=&#8221;6&#8243; posts=&#8221;7291,7295,7279,7283,7299,7272&#8243;][\/vc_column][vc_column width=&#8221;1\/3&#8243;][vc_single_image image=&#8221;7254&#8243; img_size=&#8221;full&#8221;][\/vc_column][\/vc_row]<\/p>\n","protected":false},"author":3,"featured_media":0,"parent":0,"menu_order":0,"comment_status":"closed","ping_status":"closed","template":"","meta":{"footnotes":""},"class_list":["post-7253","page","type-page","status-publish","hentry"],"translation":{"provider":"WPGlobus","version":"3.0.2","language":"sv","enabled_languages":["en","sv"],"languages":{"en":{"title":true,"content":true,"excerpt":false},"sv":{"title":true,"content":true,"excerpt":false}}},"_links":{"self":[{"href":"https:\/\/formatconversion.com\/sv\/wp-json\/wp\/v2\/pages\/7253","targetHints":{"allow":["GET"]}}],"collection":[{"href":"https:\/\/formatconversion.com\/sv\/wp-json\/wp\/v2\/pages"}],"about":[{"href":"https:\/\/formatconversion.com\/sv\/wp-json\/wp\/v2\/types\/page"}],"author":[{"embeddable":true,"href":"https:\/\/formatconversion.com\/sv\/wp-json\/wp\/v2\/users\/3"}],"replies":[{"embeddable":true,"href":"https:\/\/formatconversion.com\/sv\/wp-json\/wp\/v2\/comments?post=7253"}],"version-history":[{"count":10,"href":"https:\/\/formatconversion.com\/sv\/wp-json\/wp\/v2\/pages\/7253\/revisions"}],"predecessor-version":[{"id":8092,"href":"https:\/\/formatconversion.com\/sv\/wp-json\/wp\/v2\/pages\/7253\/revisions\/8092"}],"wp:attachment":[{"href":"https:\/\/formatconversion.com\/sv\/wp-json\/wp\/v2\/media?parent=7253"}],"curies":[{"name":"wp","href":"https:\/\/api.w.org\/{rel}","templated":true}]}}