{"id":6938,"date":"2019-01-28T23:39:29","date_gmt":"2019-01-28T22:39:29","guid":{"rendered":"http:\/\/xtest.ritningskonvertering.se\/?page_id=6938"},"modified":"2021-10-03T13:26:56","modified_gmt":"2021-10-03T11:26:56","slug":"exempel","status":"publish","type":"page","link":"https:\/\/formatconversion.com\/sv\/exempel\/","title":{"rendered":"Exempel"},"content":{"rendered":"<div class=\"wpb-content-wrapper\">[vc_row equal_columns=&#8221;true&#8221;][vc_column offset=&#8221;vc_col-lg-12&#8243;][vc_tabs style=&#8221;simple&#8221; container_bg_color=&#8221;&#8221;][vc_tab title=&#8221;3D&#8221; tab_id=&#8221;1437655349-1-98e393-437501ac-882a&#8221;][vc_column_text][\/vc_column_text][vc_toggle title=&#8221;KONTROLLERA STRATEGISK INFORMATION&#8221; el_id=&#8221;1506000575286-a6458fd2-e80c&#8221; el_class=&#8221;faq-style&#8221;]Trix Organizer 7 Server skapar f\u00f6ruts\u00e4ttning f\u00f6r bra strategisk informationshantering, som blir tillg\u00e4nglig med endast n\u00e5gra knapptryckningar. Snabb och s\u00e4ker tillg\u00e5ng till den information som finns i dokumenten \u00e4r dessutom ett starkt konkurrensmedel. Hela organisationen blir oerh\u00f6rt mer effektiv med v\u00e4lstrukturerad och l\u00e4ttillg\u00e4nglig information. En ingenj\u00f6rsbaserad verksamhet kan l\u00e4gga en stor del av arbetstiden till informationss\u00f6kning, s\u00e5 h\u00e4r finns mycket tid att tj\u00e4na.[\/vc_toggle][\/vc_tab][vc_tab title=&#8221;Arkitekt&#8221; tab_id=&#8221;1437655349-2-4e393-437501ac-882a&#8221;][vc_column_text disable_pattern=&#8221;false&#8221; align=&#8221;center&#8221; animation=&#8221;scale-up&#8221;]<img loading=\"lazy\" decoding=\"async\" class=\"wp-image-6999 size-full alignleft\" src=\"https:\/\/formatconversion.com\/\/wp-content\/uploads\/sites\/7\/2019\/01\/ArchDWG.png\" alt=\"\" width=\"700\" height=\"485\" srcset=\"https:\/\/formatconversion.com\/wp-content\/uploads\/sites\/7\/2019\/01\/ArchDWG.png 700w, https:\/\/formatconversion.com\/wp-content\/uploads\/sites\/7\/2019\/01\/ArchDWG-300x208.png 300w, https:\/\/formatconversion.com\/wp-content\/uploads\/sites\/7\/2019\/01\/ArchDWG-330x229.png 330w, https:\/\/formatconversion.com\/wp-content\/uploads\/sites\/7\/2019\/01\/ArchDWG-260x180.png 260w\" sizes=\"auto, (max-width: 700px) 100vw, 700px\" \/>[\/vc_column_text][\/vc_tab][vc_tab title=&#8221;BIM&#8221; tab_id=&#8221;1437656212997-3-6e393-437501ac-882a&#8221;][vc_gallery interval=&#8221;3&#8243; images=&#8221;6999&#8243; img_size=&#8221;large&#8221;][vc_column_text][\/vc_column_text][\/vc_tab][vc_tab title=&#8221;Mekanisk&#8221; tab_id=&#8221;1437656199123-2-7e393-437501ac-882a&#8221;][mk_gallery images=&#8221;6999,6998,7008,7009&#8243; frame_style=&#8221;gray_border&#8221;][\/vc_tab][vc_tab title=&#8221;Fabrik&#8221; tab_id=&#8221;1437656226012-4-7e393-437501ac-882a&#8221;][vc_images_carousel images=&#8221;7010,7004,7003&#8243; img_size=&#8221;medium&#8221; autoplay=&#8221;yes&#8221;][vc_column_text][\/vc_column_text][vc_column_text]\n[\/vc_column_text][\/vc_tab][vc_tab title=&#8221;Styr&#8221; tab_id=&#8221;1506006279290-5-701ac-882a&#8221;][vc_media_grid grid_id=&#8221;vc_gid:1548764317747-511f5c6f-e198-4&#8243; include=&#8221;7002,7001,7000,6999&#8243;][vc_column_text][\/vc_column_text][\/vc_tab][vc_tab title=&#8221;Foto&#8221; tab_id=&#8221;1548715432262-6-0&#8243;][\/vc_tab][vc_tab title=&#8221;Planer&#8221; tab_id=&#8221;1548715435062-7-9&#8243;][\/vc_tab][vc_tab title=&#8221;Topo&#8221; tab_id=&#8221;1548715436206-8-10&#8243;][\/vc_tab][\/vc_tabs][\/vc_column][\/vc_row]\n<\/div>","protected":false},"excerpt":{"rendered":"<p>[vc_row equal_columns=&#8221;true&#8221;][vc_column offset=&#8221;vc_col-lg-12&#8243;][vc_tabs style=&#8221;simple&#8221; container_bg_color=&#8221;&#8221;][vc_tab title=&#8221;3D&#8221; tab_id=&#8221;1437655349-1-98e393-437501ac-882a&#8221;][vc_column_text][\/vc_column_text][vc_toggle title=&#8221;KONTROLLERA STRATEGISK INFORMATION&#8221; el_id=&#8221;1506000575286-a6458fd2-e80c&#8221; el_class=&#8221;faq-style&#8221;]Trix Organizer 7 Server skapar f\u00f6ruts\u00e4ttning f\u00f6r bra strategisk informationshantering, som blir tillg\u00e4nglig med endast n\u00e5gra knapptryckningar. Snabb och s\u00e4ker tillg\u00e5ng till den information som finns i dokumenten \u00e4r dessutom ett starkt konkurrensmedel. Hela organisationen blir oerh\u00f6rt mer effektiv med v\u00e4lstrukturerad och l\u00e4ttillg\u00e4nglig information. [&hellip;]<\/p>\n","protected":false},"author":3,"featured_media":0,"parent":0,"menu_order":0,"comment_status":"closed","ping_status":"closed","template":"","meta":{"footnotes":""},"class_list":["post-6938","page","type-page","status-publish","hentry"],"translation":{"provider":"WPGlobus","version":"3.0.2","language":"sv","enabled_languages":["en","sv"],"languages":{"en":{"title":true,"content":true,"excerpt":false},"sv":{"title":true,"content":true,"excerpt":false}}},"_links":{"self":[{"href":"https:\/\/formatconversion.com\/sv\/wp-json\/wp\/v2\/pages\/6938","targetHints":{"allow":["GET"]}}],"collection":[{"href":"https:\/\/formatconversion.com\/sv\/wp-json\/wp\/v2\/pages"}],"about":[{"href":"https:\/\/formatconversion.com\/sv\/wp-json\/wp\/v2\/types\/page"}],"author":[{"embeddable":true,"href":"https:\/\/formatconversion.com\/sv\/wp-json\/wp\/v2\/users\/3"}],"replies":[{"embeddable":true,"href":"https:\/\/formatconversion.com\/sv\/wp-json\/wp\/v2\/comments?post=6938"}],"version-history":[{"count":22,"href":"https:\/\/formatconversion.com\/sv\/wp-json\/wp\/v2\/pages\/6938\/revisions"}],"predecessor-version":[{"id":8137,"href":"https:\/\/formatconversion.com\/sv\/wp-json\/wp\/v2\/pages\/6938\/revisions\/8137"}],"wp:attachment":[{"href":"https:\/\/formatconversion.com\/sv\/wp-json\/wp\/v2\/media?parent=6938"}],"curies":[{"name":"wp","href":"https:\/\/api.w.org\/{rel}","templated":true}]}}