{"id":6920,"date":"2019-01-28T23:25:19","date_gmt":"2019-01-28T22:25:19","guid":{"rendered":"http:\/\/xtest.ritningskonvertering.se\/?page_id=6920"},"modified":"2025-02-21T15:06:43","modified_gmt":"2025-02-21T14:06:43","slug":"engineering-standards","status":"publish","type":"page","link":"https:\/\/formatconversion.com\/sv\/ingenjorsstandarder\/","title":{"rendered":"Ingenj\u00f6rsstandarder"},"content":{"rendered":"<div class=\"wpb-content-wrapper\">[vc_row][vc_column width=&#8221;2\/3&#8243;][vc_column_text css=&#8221;.vc_custom_1632502399033{margin-bottom: 0px !important;}&#8221;]\n<h1>Ingenj\u00f6rsstandarder<\/h1>\n<p><strong>De flesta ritningar har uppf\u00f6rts med utg\u00e5ngspunkt fr\u00e5n n\u00e5gon ingenj\u00f6rsstandard, antingen lokal, nationell eller internationell. Vid konvertering av stora ritningsm\u00e4ngder \u00e4r det vanligt att flera olika standarder f\u00f6rekommer. D\u00e4rf\u00f6r \u00e4r det viktigt att best\u00e4mma vilken standard nya ritningar skall uppf\u00f6ras i och hur befintliga ritningar, utf\u00f6rda med en annan standard, skall hanteras vid revideringar.<\/strong>[\/vc_column_text][vc_column_text css=&#8221;.vc_custom_1631294086864{margin-bottom: 0px !important;}&#8221;]Att efterleva en standard underl\u00e4ttar samverkan med olika intressenter inom sin bransch och \u00e4r en viktig del i arbetet med digitaliseringen av ritningarna. Vi arbetar och f\u00f6ljer ett stort antal varierande standarder och erbjuder att utf\u00f6ra f\u00f6r\u00e4ndringar d\u00e4r behov av samordning kr\u00e4vs. Det vanligaste \u00e4r att byta ritningsblankett och ritst\u00e4mpel medan inneh\u00e5llet beh\u00e5lls of\u00f6r\u00e4ndrat. P\u00e5 s\u00e5 s\u00e4tt skapas en rimlig omfattning och i och med inf\u00f6randet av nya standardiserade ritst\u00e4mplar kan de digitala underlagen automatiskt l\u00e4sas in i en f\u00f6rvaltningsdatabas.[\/vc_column_text][\/vc_column][vc_column width=&#8221;1\/3&#8243;][vc_single_image image=&#8221;7178&#8243; img_size=&#8221;full&#8221;][mk_button size=&#8221;medium&#8221; icon=&#8221;mk-moon-upload-7&#8243; url=&#8221;https:\/\/formatconversion.com\/sv\/upp-och-nedladdning\/&#8221; fullwidth=&#8221;true&#8221;]Konvertera ritning![\/mk_button][\/vc_column][\/vc_row]\n<\/div>","protected":false},"excerpt":{"rendered":"<p>[vc_row][vc_column width=&#8221;2\/3&#8243;][vc_column_text css=&#8221;.vc_custom_1632502399033{margin-bottom: 0px !important;}&#8221;] Ingenj\u00f6rsstandarder De flesta ritningar har uppf\u00f6rts med utg\u00e5ngspunkt fr\u00e5n n\u00e5gon ingenj\u00f6rsstandard, antingen lokal, nationell eller internationell. Vid konvertering av stora ritningsm\u00e4ngder \u00e4r det vanligt att flera olika standarder f\u00f6rekommer. D\u00e4rf\u00f6r \u00e4r det viktigt att best\u00e4mma vilken standard nya ritningar skall uppf\u00f6ras i och hur befintliga ritningar, utf\u00f6rda med en annan [&hellip;]<\/p>\n","protected":false},"author":3,"featured_media":0,"parent":0,"menu_order":0,"comment_status":"closed","ping_status":"closed","template":"","meta":[],"translation":{"provider":"WPGlobus","version":"3.0.0","language":"sv","enabled_languages":["en","sv"],"languages":{"en":{"title":true,"content":true,"excerpt":false},"sv":{"title":true,"content":true,"excerpt":false}}},"_links":{"self":[{"href":"https:\/\/formatconversion.com\/sv\/wp-json\/wp\/v2\/pages\/6920"}],"collection":[{"href":"https:\/\/formatconversion.com\/sv\/wp-json\/wp\/v2\/pages"}],"about":[{"href":"https:\/\/formatconversion.com\/sv\/wp-json\/wp\/v2\/types\/page"}],"author":[{"embeddable":true,"href":"https:\/\/formatconversion.com\/sv\/wp-json\/wp\/v2\/users\/3"}],"replies":[{"embeddable":true,"href":"https:\/\/formatconversion.com\/sv\/wp-json\/wp\/v2\/comments?post=6920"}],"version-history":[{"count":10,"href":"https:\/\/formatconversion.com\/sv\/wp-json\/wp\/v2\/pages\/6920\/revisions"}],"predecessor-version":[{"id":8207,"href":"https:\/\/formatconversion.com\/sv\/wp-json\/wp\/v2\/pages\/6920\/revisions\/8207"}],"wp:attachment":[{"href":"https:\/\/formatconversion.com\/sv\/wp-json\/wp\/v2\/media?parent=6920"}],"curies":[{"name":"wp","href":"https:\/\/api.w.org\/{rel}","templated":true}]}}