{"id":6916,"date":"2019-01-28T23:24:13","date_gmt":"2019-01-28T22:24:13","guid":{"rendered":"http:\/\/xtest.ritningskonvertering.se\/?page_id=6916"},"modified":"2025-02-21T15:10:32","modified_gmt":"2025-02-21T14:10:32","slug":"drawing-revisions","status":"publish","type":"page","link":"https:\/\/formatconversion.com\/sv\/ritningsredigering-haller-dina-ritningar-a-jour\/","title":{"rendered":"Ritningsredigering h\u00e5ller dina ritningar a-jour"},"content":{"rendered":"<div class=\"wpb-content-wrapper\">[vc_row][vc_column][layerslider_vc id=&#8221;13&#8243;][\/vc_column][\/vc_row][vc_row css=&#8221;.vc_custom_1616605622534{margin-bottom: 64px !important;}&#8221;][vc_column width=&#8221;2\/3&#8243;][vc_column_text css=&#8221;.vc_custom_1631467146679{margin-bottom: 0px !important;}&#8221;]\n<h1>L\u00f6pande ritningsredigering f\u00f6r effektivt underh\u00e5ll<\/h1>\n<p><strong>A-jourh\u00e5llning av ritningar genom l\u00f6pande redline-redigeringar.\u00a0Ritningar m\u00e5ste h\u00e5llas l\u00f6pande uppdaterade f\u00f6r att utg\u00f6ra ett effektivt beslutsunderlag. I en verksamhet d\u00e4r f\u00f6r\u00e4ndringar genomf\u00f6rs \u00e4r det \u00e4n mer viktigt. Optimalt \u00e4r att utnyttja denna tj\u00e4nst efter en digitalisering av hela eller delar av ritningsbest\u00e5ndet.<\/strong>[\/vc_column_text][vc_column_text css=&#8221;.vc_custom_1631467194629{margin-bottom: 0px !important;}&#8221;]Vi erbjuder en ritningsredigering som utf\u00f6rs l\u00f6pande m\u00e5nadsvis, kvartalsvis, halv\u00e5rsvis eller hel\u00e5rsvis. Det inneb\u00e4r att er verksamhet markerar felaktigheter via r\u00f6d\u00e4ndringsfunktioner, att vi s\u00f6ker upp dessa och utf\u00f6r erforderliga revideringar och att ni slutligen godk\u00e4nner dessa. Hela processen via digitala hanteringar och till bra pris.<\/p>\n<p>V\u00e5r ritningstj\u00e4nst avser att revidera befintliga 2D-ritningar eller 3D-modeller. I b\u00e5da fallet generas ritningar i PDF-format f\u00f6r granskning och godk\u00e4nnande. Insatsen utf\u00f6rs l\u00f6pande enligt \u00f6verenskommelse och faktureras m\u00e5nadsvis utifr\u00e5n antalet redigeringsobjekt och dess komplexitetsgrad. Slutresultatet leder till att ni endast beh\u00f6ver granska och godk\u00e4nna utf\u00f6rt arbete f\u00f6r att f\u00e5 tillg\u00e5ng till h\u00f6gkvalitativa ritningar i er verksamhet.<\/p>\n<p>Eftersom arbetet utg\u00e5r fr\u00e5n 2D-ritningar som f\u00f6rsetts med r\u00f6d\u00e4ndringsinformation \u00e4r det ytterst viktigt att denna inneh\u00e5ller erforderliga uppgifter s\u00e5 att arbetet kan utf\u00f6ras. Exempelvis, om en v\u00e4gg skall flyttas m\u00e5ste m\u00e5tten visa exakt hur mycket och att den nya placeringen inte kolliderar med andra ritningsobjekt. D\u00e4rf\u00f6r kr\u00e4vs att hj\u00e4lprutiner inf\u00f6rs s\u00e5 att informationen verkligen skapas.<\/p>\n<p>Arbetet utg\u00e5r efter en \u00f6verenskommelse d\u00e4r insatstillf\u00e4llen och speciella krav beskrivs. Det normala \u00e4r att de ritningar som ska underh\u00e5llas flyttas till v\u00e5r projektportal, men det f\u00f6rekommer ocks\u00e5 att vi sj\u00e4lva g\u00f6r den \u00f6verf\u00f6ringen. Det enda kunden g\u00f6r \u00e4r att granska och godk\u00e4nna utf\u00f6rt arbete innan ritningarna \u00e5terf\u00f6rs i ny revision.<\/p>\n<p>Tj\u00e4nster leder till att kunden kan h\u00e5lla sitt ritningsarkiv aktivt och kontinuerligt uppdaterat till ett bra pris. Grundarbetet g\u00f6rs av v\u00e5ra partners i Asien.[\/vc_column_text][\/vc_column][vc_column width=&#8221;1\/3&#8243;][vc_single_image image=&#8221;7200&#8243; img_size=&#8221;full&#8221;][mk_button size=&#8221;medium&#8221; icon=&#8221;mk-moon-upload-7&#8243; url=&#8221;https:\/\/formatconversion.com\/sv\/upp-och-nedladdning\/&#8221; fullwidth=&#8221;true&#8221;]Konvertera ritning![\/mk_button][\/vc_column][\/vc_row]\n<\/div>","protected":false},"excerpt":{"rendered":"<p>[vc_row][vc_column][layerslider_vc id=&#8221;13&#8243;][\/vc_column][\/vc_row][vc_row css=&#8221;.vc_custom_1616605622534{margin-bottom: 64px !important;}&#8221;][vc_column width=&#8221;2\/3&#8243;][vc_column_text css=&#8221;.vc_custom_1631467146679{margin-bottom: 0px !important;}&#8221;] L\u00f6pande ritningsredigering f\u00f6r effektivt underh\u00e5ll A-jourh\u00e5llning av ritningar genom l\u00f6pande redline-redigeringar.\u00a0Ritningar m\u00e5ste h\u00e5llas l\u00f6pande uppdaterade f\u00f6r att utg\u00f6ra ett effektivt beslutsunderlag. I en verksamhet d\u00e4r f\u00f6r\u00e4ndringar genomf\u00f6rs \u00e4r det \u00e4n mer viktigt. Optimalt \u00e4r att utnyttja denna tj\u00e4nst efter en digitalisering av hela eller delar av [&hellip;]<\/p>\n","protected":false},"author":3,"featured_media":0,"parent":0,"menu_order":0,"comment_status":"closed","ping_status":"closed","template":"","meta":[],"translation":{"provider":"WPGlobus","version":"3.0.0","language":"sv","enabled_languages":["en","sv"],"languages":{"en":{"title":true,"content":true,"excerpt":false},"sv":{"title":true,"content":true,"excerpt":false}}},"_links":{"self":[{"href":"https:\/\/formatconversion.com\/sv\/wp-json\/wp\/v2\/pages\/6916"}],"collection":[{"href":"https:\/\/formatconversion.com\/sv\/wp-json\/wp\/v2\/pages"}],"about":[{"href":"https:\/\/formatconversion.com\/sv\/wp-json\/wp\/v2\/types\/page"}],"author":[{"embeddable":true,"href":"https:\/\/formatconversion.com\/sv\/wp-json\/wp\/v2\/users\/3"}],"replies":[{"embeddable":true,"href":"https:\/\/formatconversion.com\/sv\/wp-json\/wp\/v2\/comments?post=6916"}],"version-history":[{"count":10,"href":"https:\/\/formatconversion.com\/sv\/wp-json\/wp\/v2\/pages\/6916\/revisions"}],"predecessor-version":[{"id":8218,"href":"https:\/\/formatconversion.com\/sv\/wp-json\/wp\/v2\/pages\/6916\/revisions\/8218"}],"wp:attachment":[{"href":"https:\/\/formatconversion.com\/sv\/wp-json\/wp\/v2\/media?parent=6916"}],"curies":[{"name":"wp","href":"https:\/\/api.w.org\/{rel}","templated":true}]}}