{"id":6912,"date":"2019-01-28T23:23:00","date_gmt":"2019-01-28T22:23:00","guid":{"rendered":"http:\/\/xtest.ritningskonvertering.se\/?page_id=6912"},"modified":"2025-02-21T15:09:50","modified_gmt":"2025-02-21T14:09:50","slug":"schematics-conversions","status":"publish","type":"page","link":"https:\/\/formatconversion.com\/sv\/elschema-konvertering\/","title":{"rendered":"Elschema-konvertering"},"content":{"rendered":"<div class=\"wpb-content-wrapper\">[vc_row][vc_column][layerslider_vc id=&#8221;12&#8243;][\/vc_column][\/vc_row][vc_row css=&#8221;.vc_custom_1616605438015{margin-bottom: 64px !important;}&#8221;][vc_column width=&#8221;2\/3&#8243;][vc_column_text css=&#8221;.vc_custom_1631466855915{margin-bottom: 0px !important;}&#8221;]\n<h1>Elschema-konvertering<\/h1>\n<p><strong>\u00d6ka s\u00f6kbarheten av komponenter i elschemat <\/strong><\/p>\n<p>Elschema-konvertering inklusive byte av ritningsblanketter och inf\u00f6randet av s\u00f6kattribut p\u00e5 varje objekt. Elscheman best\u00e5r en m\u00e4ngd olika schematyper som tillsammans dokumenterar elektrisk koppling och funktion hos utrustningar. Dessa utrustningar \u00e4r ofta viktiga komponenter i en industriell produktionsprocess och d\u00e4rmed viktiga att b\u00e5de drifth\u00e5lla och underh\u00e5lla.[\/vc_column_text][vc_column_text css=&#8221;.vc_custom_1631466882332{margin-bottom: 0px !important;}&#8221;]Ofta \u00e4r det centralt att snabbt kunna s\u00f6ka upp r\u00e4tt komponent i dokumentationen. Detta g\u00f6r att kraven p\u00e5 att den n\u00f6dv\u00e4ndiga informationen \u00e4r s\u00f6kbar \u00e4r stor. En s\u00e5dan komponent redovisas p\u00e5 flera st\u00e4llen i dokumentationen, s\u00e5 det \u00e4r viktigt att hitta samtliga.<\/p>\n<p>Vi ritar om hela scheman till digitala och s\u00f6kbara format och byter samtidigt blanketten, s\u00e5 att den blir s\u00f6kbar. Ibland r\u00e4cker det att tillf\u00f6ra information i form av s\u00f6kbara attribut p\u00e5 varje komponentsymbol p\u00e5 elschemat. Syftet \u00e4r normalt att inte rita om den grafiska delen utan bara att \u00f6ka s\u00f6kbarheten av p\u00e5 ritningen ing\u00e5ende komponenter. Denna f\u00f6renkling leder till stor nytta till en l\u00e4gre kostnad eftersom med enbart texts\u00f6kning kan elschemats komponent snabbt hittas vid s\u00f6kning. Och minskar behovet av granskning eftersom sj\u00e4lva kopplingsschemat inte f\u00f6r\u00e4ndras.[\/vc_column_text][mk_image_slideshow title=&#8221;Exempel p\u00e5 utf\u00f6rt arbete&#8221; images=&#8221;7196,7195,7190,7189,7188,7187,6980&#8243; margin_top=&#8221;5&#8243; margin_bottom=&#8221;5&#8243; effect=&#8221;slide&#8221; slideshow_speed=&#8221;3000&#8243; pause_on_hover=&#8221;true&#8221;][\/vc_column][vc_column width=&#8221;1\/3&#8243;][vc_single_image image=&#8221;7192&#8243; img_size=&#8221;full&#8221;][mk_button size=&#8221;medium&#8221; icon=&#8221;mk-moon-upload-7&#8243; url=&#8221;https:\/\/formatconversion.com\/sv\/upp-och-nedladdning\/&#8221; fullwidth=&#8221;true&#8221;]Konvertera ritning![\/mk_button][\/vc_column][\/vc_row]\n<\/div>","protected":false},"excerpt":{"rendered":"<p>[vc_row][vc_column][layerslider_vc id=&#8221;12&#8243;][\/vc_column][\/vc_row][vc_row css=&#8221;.vc_custom_1616605438015{margin-bottom: 64px !important;}&#8221;][vc_column width=&#8221;2\/3&#8243;][vc_column_text css=&#8221;.vc_custom_1631466855915{margin-bottom: 0px !important;}&#8221;] Elschema-konvertering \u00d6ka s\u00f6kbarheten av komponenter i elschemat Elschema-konvertering inklusive byte av ritningsblanketter och inf\u00f6randet av s\u00f6kattribut p\u00e5 varje objekt. Elscheman best\u00e5r en m\u00e4ngd olika schematyper som tillsammans dokumenterar elektrisk koppling och funktion hos utrustningar. Dessa utrustningar \u00e4r ofta viktiga komponenter i en industriell produktionsprocess och d\u00e4rmed [&hellip;]<\/p>\n","protected":false},"author":3,"featured_media":0,"parent":0,"menu_order":0,"comment_status":"closed","ping_status":"closed","template":"","meta":[],"translation":{"provider":"WPGlobus","version":"3.0.0","language":"sv","enabled_languages":["en","sv"],"languages":{"en":{"title":true,"content":true,"excerpt":false},"sv":{"title":true,"content":true,"excerpt":false}}},"_links":{"self":[{"href":"https:\/\/formatconversion.com\/sv\/wp-json\/wp\/v2\/pages\/6912"}],"collection":[{"href":"https:\/\/formatconversion.com\/sv\/wp-json\/wp\/v2\/pages"}],"about":[{"href":"https:\/\/formatconversion.com\/sv\/wp-json\/wp\/v2\/types\/page"}],"author":[{"embeddable":true,"href":"https:\/\/formatconversion.com\/sv\/wp-json\/wp\/v2\/users\/3"}],"replies":[{"embeddable":true,"href":"https:\/\/formatconversion.com\/sv\/wp-json\/wp\/v2\/comments?post=6912"}],"version-history":[{"count":10,"href":"https:\/\/formatconversion.com\/sv\/wp-json\/wp\/v2\/pages\/6912\/revisions"}],"predecessor-version":[{"id":8216,"href":"https:\/\/formatconversion.com\/sv\/wp-json\/wp\/v2\/pages\/6912\/revisions\/8216"}],"wp:attachment":[{"href":"https:\/\/formatconversion.com\/sv\/wp-json\/wp\/v2\/media?parent=6912"}],"curies":[{"name":"wp","href":"https:\/\/api.w.org\/{rel}","templated":true}]}}