{"id":6908,"date":"2019-01-28T23:22:04","date_gmt":"2019-01-28T22:22:04","guid":{"rendered":"http:\/\/xtest.ritningskonvertering.se\/?page_id=6908"},"modified":"2025-02-21T15:08:35","modified_gmt":"2025-02-21T14:08:35","slug":"bim-modelling","status":"publish","type":"page","link":"https:\/\/formatconversion.com\/sv\/bim-modellering\/","title":{"rendered":"BIM-modellering"},"content":{"rendered":"<div class=\"wpb-content-wrapper\">[vc_row css=&#8221;.vc_custom_1616605330836{margin-bottom: 64px !important;}&#8221;][vc_column][layerslider_vc id=&#8221;11&#8243;][\/vc_column][\/vc_row][vc_row css=&#8221;.vc_custom_1616605390254{margin-bottom: 64px !important;}&#8221;][vc_column width=&#8221;2\/3&#8243;][vc_column_text css=&#8221;.vc_custom_1631292328527{margin-bottom: 0px !important;}&#8221;]\n<h1>BIM-modellering<\/h1>\n<h4>BIM inneb\u00e4r en kombination av grafisk information och olika egenskaper i textform. Ett grafiskt ritelement skall representera verkligheten i 3D och kunna f\u00f6rses med data. Omfattningen best\u00e4ms av behovet, exempelvis \u00e4r en BIM-modell i ett projekteringsarbete f\u00f6rsedd med en stor omfattning dimensionerande data s\u00e5 att ber\u00e4kningar och bed\u00f6mningar kan g\u00f6ras. Medan en f\u00f6rvaltningsmodell inneh\u00e5ller betydligt mindre och annan data. Detaljeringsgraden varierar och m\u00e5ste best\u00e4mmas f\u00f6re arbetets genomf\u00f6rande.<\/h4>\n[\/vc_column_text][vc_column_text css=&#8221;.vc_custom_1631292357815{margin-bottom: 0px !important;}&#8221;]V\u00e5r avancerade BIM-tj\u00e4nst avser att rita om befintliga ritningar fr\u00e5n 2D till 3D, normalt fr\u00e5n skannade pappersritningar, CAD- eller PDF-filer. Arbetet inneb\u00e4r att en exakt 3D-kopia skapas genom ett manuellt utf\u00f6rt arbete. Eftersom arbetet utg\u00e5r fr\u00e5n 2D-ritningar \u00e4r det ytterst viktigt att dessa \u00e4ven redovisar erforderlig information i h\u00f6jdled via sektionsritningar eller liknande informationsk\u00e4llor.<\/p>\n<p>Vi tillf\u00f6r den information som tillhandah\u00e5lls i underlaget och applicerar den efter g\u00e4llande branschpraxis. Det viktigaste \u00e4r den grafiska modellens detaljrikedom eftersom textbaserade egenskaper kan tillf\u00f6ras i efterhand.<\/p>\n<p>Vid 3D-konvertering tillf\u00f6rs de flesta ritentiteter som objekt som kan inneh\u00e5lla egenskapsinformation. En v\u00e4gg \u00e4r en v\u00e4gg, inte bara linjer och cirklar som ser ut som en v\u00e4gg. Detta skapar en betydligt mer anv\u00e4ndbar ritning, men det st\u00e4ller ocks\u00e5 krav p\u00e5 att mer information finns tillg\u00e4nglig vid arbetets genomf\u00f6rande. Niv\u00e5n av detaljeringsgrad \u00e4r d\u00e4rf\u00f6r viktig att best\u00e4mma i f\u00f6rv\u00e4g, och att den efterfr\u00e5gade informationen finns tillg\u00e4nglig vid arbetets genomf\u00f6rande. Vid BIM \u00e4r det viktigt att best\u00e4mma sig f\u00f6r vad informationen ska anv\u00e4ndas till, med syftet att inte tillf\u00f6ra mer information \u00e4n n\u00f6dv\u00e4ndigt. Mer \u00e4n vad som kr\u00e4vs blir bara dyrt![\/vc_column_text][mk_image_slideshow title=&#8221;Exempel p\u00e5 utf\u00f6rt arbete&#8221; images=&#8221;7167,7168,7169,7170,7171,7175,7799,7798&#8243; margin_top=&#8221;5&#8243; margin_bottom=&#8221;5&#8243; effect=&#8221;slide&#8221; slideshow_speed=&#8221;3000&#8243; pause_on_hover=&#8221;true&#8221;][\/vc_column][vc_column width=&#8221;1\/3&#8243;][vc_single_image image=&#8221;7076&#8243; img_size=&#8221;full&#8221;][mk_button size=&#8221;medium&#8221; icon=&#8221;mk-moon-upload-7&#8243; url=&#8221;https:\/\/formatconversion.com\/sv\/upp-och-nedladdning\/&#8221; fullwidth=&#8221;true&#8221;]Konvertera ritning![\/mk_button][\/vc_column][\/vc_row]\n<\/div>","protected":false},"excerpt":{"rendered":"<p>[vc_row css=&#8221;.vc_custom_1616605330836{margin-bottom: 64px !important;}&#8221;][vc_column][layerslider_vc id=&#8221;11&#8243;][\/vc_column][\/vc_row][vc_row css=&#8221;.vc_custom_1616605390254{margin-bottom: 64px !important;}&#8221;][vc_column width=&#8221;2\/3&#8243;][vc_column_text css=&#8221;.vc_custom_1631292328527{margin-bottom: 0px !important;}&#8221;] BIM-modellering BIM inneb\u00e4r en kombination av grafisk information och olika egenskaper i textform. Ett grafiskt ritelement skall representera verkligheten i 3D och kunna f\u00f6rses med data. Omfattningen best\u00e4ms av behovet, exempelvis \u00e4r en BIM-modell i ett projekteringsarbete f\u00f6rsedd med en stor omfattning dimensionerande [&hellip;]<\/p>\n","protected":false},"author":3,"featured_media":0,"parent":0,"menu_order":0,"comment_status":"closed","ping_status":"closed","template":"","meta":[],"translation":{"provider":"WPGlobus","version":"3.0.0","language":"sv","enabled_languages":["en","sv"],"languages":{"en":{"title":true,"content":true,"excerpt":false},"sv":{"title":true,"content":true,"excerpt":false}}},"_links":{"self":[{"href":"https:\/\/formatconversion.com\/sv\/wp-json\/wp\/v2\/pages\/6908"}],"collection":[{"href":"https:\/\/formatconversion.com\/sv\/wp-json\/wp\/v2\/pages"}],"about":[{"href":"https:\/\/formatconversion.com\/sv\/wp-json\/wp\/v2\/types\/page"}],"author":[{"embeddable":true,"href":"https:\/\/formatconversion.com\/sv\/wp-json\/wp\/v2\/users\/3"}],"replies":[{"embeddable":true,"href":"https:\/\/formatconversion.com\/sv\/wp-json\/wp\/v2\/comments?post=6908"}],"version-history":[{"count":10,"href":"https:\/\/formatconversion.com\/sv\/wp-json\/wp\/v2\/pages\/6908\/revisions"}],"predecessor-version":[{"id":8213,"href":"https:\/\/formatconversion.com\/sv\/wp-json\/wp\/v2\/pages\/6908\/revisions\/8213"}],"wp:attachment":[{"href":"https:\/\/formatconversion.com\/sv\/wp-json\/wp\/v2\/media?parent=6908"}],"curies":[{"name":"wp","href":"https:\/\/api.w.org\/{rel}","templated":true}]}}