{"id":6904,"date":"2019-01-28T23:21:15","date_gmt":"2019-01-28T22:21:15","guid":{"rendered":"http:\/\/xtest.ritningskonvertering.se\/?page_id=6904"},"modified":"2025-02-21T15:08:03","modified_gmt":"2025-02-21T14:08:03","slug":"3d-conversions-of-advanced-drawings","status":"publish","type":"page","link":"https:\/\/formatconversion.com\/sv\/3d-formatkonvertering-av-avancerade-ritningar\/","title":{"rendered":"3D formatkonvertering av avancerade ritningar"},"content":{"rendered":"<div class=\"wpb-content-wrapper\">[vc_row][vc_column][layerslider_vc id=&#8221;9&#8243;][\/vc_column][\/vc_row][vc_row css=&#8221;.vc_custom_1616605235793{margin-bottom: 64px !important;}&#8221;][vc_column width=&#8221;2\/3&#8243;][vc_column_text css=&#8221;.vc_custom_1631291930074{margin-bottom: 0px !important;}&#8221;]\n<h1>3D formatkonvertering av avancerade ritningar<\/h1>\n<h4>V\u00e5r avancerade konverteringstj\u00e4nst inneb\u00e4r att rita om befintliga ritningar fr\u00e5n 2D till 3D, normalt fr\u00e5n skannade pappersritningar, CAD- eller PDF-filer.<\/h4>\n<h4>Arbetet inneb\u00e4r att en exakt 3D-kopia skapas genom ett manuellt utf\u00f6rt arbete.<\/h4>\n[\/vc_column_text][vc_column_text css=&#8221;.vc_custom_1631292083720{margin-bottom: 0px !important;}&#8221;]Eftersom arbetet utg\u00e5r fr\u00e5n 2D-ritningar \u00e4r det ytterst viktigt att dessa \u00e4ven redovisar erforderlig information i h\u00f6jdled via sektionsritningar eller liknande informationsk\u00e4llor. Om dessa uppgifter \u00e4r ofullst\u00e4ndiga och otydliga kr\u00e4vs tillkommande justeringsarbeten. Vid arbetets planering m\u00e5ste ocks\u00e5 aktuell ambitionsniv\u00e5 fastst\u00e4llas. Det kanske inte \u00e4r direkt n\u00f6dv\u00e4ndigt att alla uppgifter st\u00e4mmer helt och h\u00e5llet. Ett s\u00e5dant fall \u00e4r exempelvis n\u00e4r en st\u00f6rre projektering ska genomf\u00f6ras p\u00e5 materialet inom en snar framtid. D\u00e5 kan efterjusteringar g\u00f6ras samtidigt.<\/p>\n<p>Ett bra s\u00e4tt att f\u00f6renkla arbetes g\u00e5ng \u00e4r att s\u00e4tta h\u00f6jdparametern till prelimin\u00e4rt v\u00e4rde f\u00f6r senare justering. D\u00e5 \u00e4r det viktigt att inse de begr\u00e4nsningar som kan f\u00f6lja av en s\u00e5dan f\u00f6renkling. Exempelvis att vissa m\u00e5tt inte passar i 3D-modellen utan att justering g\u00f6rs utifr\u00e5n mer exakt information.<\/p>\n<p>Vi erbjuder att priss\u00e4tta enligt enklaste arbetsinsats och att tillkommande k\u00f6ps d\u00e5 behov uppst\u00e5r. Inga ritelement l\u00e4ggs till eller tas bort utan vi utf\u00f6r vad vi kallar ett till ett-konvertering. Syftet \u00e4r att s\u00e4kerst\u00e4lla att konverteringsarbetet inte f\u00f6r\u00e4ndrar informationen p\u00e5 ritningen. \u00d6nskas s\u00e5dana f\u00f6r\u00e4ndringar kan det best\u00e4llas separat, se under Ritningsredigering.<\/p>\n<p>Vid 3D-konvertering tillf\u00f6rs de flesta ritentiteter som objekt som kan inneh\u00e5lla egenskapsinformation. En v\u00e4gg \u00e4r en v\u00e4gg, inte bara linjer och cirklar som ser ut som en v\u00e4gg. Detta skapar en betydligt mer anv\u00e4ndbar ritning, men det st\u00e4ller ocks\u00e5 krav p\u00e5 att mer information finns tillg\u00e4nglig vid arbetets genomf\u00f6rande. Niv\u00e5n av detaljeringsgrad \u00e4r d\u00e4rf\u00f6r viktig att best\u00e4mma i f\u00f6rv\u00e4g, och att den efterfr\u00e5gade informationen finns tillg\u00e4nglig vid arbetets genomf\u00f6rande.<\/p>\n<p>Vi garanterar att den nya kopian \u00f6verensst\u00e4mmer med originalet, under f\u00f6ruts\u00e4ttning att originalet kan tolkas fullt ut. Otydligheter markeras och efterf\u00f6ljande r\u00e4ttningar debiteras.[\/vc_column_text][mk_image_slideshow title=&#8221;Exempel p\u00e5 utf\u00f6rt arbete&#8221; images=&#8221;7003,7007,6985,6983,7004,7798,7804&#8243; margin_top=&#8221;5&#8243; margin_bottom=&#8221;5&#8243; effect=&#8221;slide&#8221; slideshow_speed=&#8221;3000&#8243; pause_on_hover=&#8221;true&#8221;][\/vc_column][vc_column width=&#8221;1\/3&#8243;][vc_single_image image=&#8221;7082&#8243; img_size=&#8221;full&#8221;][mk_button size=&#8221;medium&#8221; icon=&#8221;mk-moon-upload-7&#8243; url=&#8221;https:\/\/formatconversion.com\/sv\/upp-och-nedladdning\/&#8221; fullwidth=&#8221;true&#8221;]Konvertera ritning![\/mk_button][\/vc_column][\/vc_row]\n<\/div>","protected":false},"excerpt":{"rendered":"<p>[vc_row][vc_column][layerslider_vc id=&#8221;9&#8243;][\/vc_column][\/vc_row][vc_row css=&#8221;.vc_custom_1616605235793{margin-bottom: 64px !important;}&#8221;][vc_column width=&#8221;2\/3&#8243;][vc_column_text css=&#8221;.vc_custom_1631291930074{margin-bottom: 0px !important;}&#8221;] 3D formatkonvertering av avancerade ritningar V\u00e5r avancerade konverteringstj\u00e4nst inneb\u00e4r att rita om befintliga ritningar fr\u00e5n 2D till 3D, normalt fr\u00e5n skannade pappersritningar, CAD- eller PDF-filer. Arbetet inneb\u00e4r att en exakt 3D-kopia skapas genom ett manuellt utf\u00f6rt arbete. [\/vc_column_text][vc_column_text css=&#8221;.vc_custom_1631292083720{margin-bottom: 0px !important;}&#8221;]Eftersom arbetet utg\u00e5r fr\u00e5n 2D-ritningar \u00e4r [&hellip;]<\/p>\n","protected":false},"author":3,"featured_media":0,"parent":0,"menu_order":0,"comment_status":"closed","ping_status":"closed","template":"","meta":[],"translation":{"provider":"WPGlobus","version":"3.0.0","language":"sv","enabled_languages":["en","sv"],"languages":{"en":{"title":true,"content":true,"excerpt":false},"sv":{"title":true,"content":true,"excerpt":false}}},"_links":{"self":[{"href":"https:\/\/formatconversion.com\/sv\/wp-json\/wp\/v2\/pages\/6904"}],"collection":[{"href":"https:\/\/formatconversion.com\/sv\/wp-json\/wp\/v2\/pages"}],"about":[{"href":"https:\/\/formatconversion.com\/sv\/wp-json\/wp\/v2\/types\/page"}],"author":[{"embeddable":true,"href":"https:\/\/formatconversion.com\/sv\/wp-json\/wp\/v2\/users\/3"}],"replies":[{"embeddable":true,"href":"https:\/\/formatconversion.com\/sv\/wp-json\/wp\/v2\/comments?post=6904"}],"version-history":[{"count":10,"href":"https:\/\/formatconversion.com\/sv\/wp-json\/wp\/v2\/pages\/6904\/revisions"}],"predecessor-version":[{"id":8211,"href":"https:\/\/formatconversion.com\/sv\/wp-json\/wp\/v2\/pages\/6904\/revisions\/8211"}],"wp:attachment":[{"href":"https:\/\/formatconversion.com\/sv\/wp-json\/wp\/v2\/media?parent=6904"}],"curies":[{"name":"wp","href":"https:\/\/api.w.org\/{rel}","templated":true}]}}