{"id":6899,"date":"2019-01-28T23:19:38","date_gmt":"2019-01-28T22:19:38","guid":{"rendered":"http:\/\/xtest.ritningskonvertering.se\/?page_id=6899"},"modified":"2025-02-21T15:07:27","modified_gmt":"2025-02-21T14:07:27","slug":"2d-conversions","status":"publish","type":"page","link":"https:\/\/formatconversion.com\/sv\/2d-konvertering\/","title":{"rendered":"2D formatkonvertering av enkla ritningar"},"content":{"rendered":"<div class=\"wpb-content-wrapper\">[vc_row][vc_column][layerslider_vc id=&#8221;10&#8243;][\/vc_column][\/vc_row][vc_row css=&#8221;.vc_custom_1616602652425{margin-bottom: 64px !important;}&#8221;][vc_column width=&#8221;2\/3&#8243;][vc_column_text css=&#8221;.vc_custom_1631291658874{margin-bottom: 0px !important;}&#8221;]\n<h1>2D formatkonvertering av enkla ritningar<\/h1>\n<p><strong>Det billigaste s\u00e4ttet \u00e4r att rita om fr\u00e5n en skannad pappersritning till ett modernt CAD-format i 2D. Bara genom en s\u00e5n \u00e5tg\u00e4rd blir ritningen betydligt mer digitalt anv\u00e4ndbar.<\/strong>[\/vc_column_text][vc_column_text css=&#8221;.vc_custom_1631291695305{margin-bottom: 0px !important;}&#8221;]V\u00e5r enklaste konverteringstj\u00e4nst avser att rita om befintliga ritningar i 2D, normalt fr\u00e5n skannade pappersritningar, CAD- eller PDF-filer. Arbetet inneb\u00e4r att en exakt kopia skapas genom ett manuellt utf\u00f6rt arbete. Inga ritelement l\u00e4ggs till eller tas bort utan vi utf\u00f6r vad vi kallar ett till ett-konvertering. Syftet \u00e4r att s\u00e4kerst\u00e4lla att konverteringsarbetet inte f\u00f6r\u00e4ndrar informationen p\u00e5 ritningen. \u00d6nskas s\u00e5dana f\u00f6r\u00e4ndringar kan det best\u00e4llas separat, se under Ritningsredigering. Vi genomf\u00f6r omritning av alla t\u00e4nkbara ritningstyper till enkla 2D-format. Arbetet sker snabbt och effektivt och inneb\u00e4r en ren formatkonvertering, d\u00e4r alla ritentiteterna skapas med samma utseende som ursprunget.<\/p>\n<p>Vi garanterar att den nya kopian \u00f6verensst\u00e4mmer med originalet, under f\u00f6ruts\u00e4ttning att originalet kan tolkas fullt ut. Otydligheter markeras och efterf\u00f6ljande r\u00e4ttningar debiteras.<\/p>\n<p>Resultatet blir en komplett kopia av ursprunget men i modernt CAD-format. Vid behov kan vi h\u00e4mta m\u00e5tt och annan information p\u00e5 andra referensritningar. Syftet \u00e4r att f\u00e5 ett s\u00e5 m\u00e5ttriktigt resultat som m\u00f6jligt.[\/vc_column_text][mk_image_slideshow title=&#8221;Exempel p\u00e5 utf\u00f6rt arbete&#8221; images=&#8221;7083,6999,7001,6993,6998,6989&#8243; margin_top=&#8221;5&#8243; margin_bottom=&#8221;5&#8243; effect=&#8221;slide&#8221; slideshow_speed=&#8221;3000&#8243; pause_on_hover=&#8221;true&#8221;][\/vc_column][vc_column width=&#8221;1\/3&#8243;][vc_single_image image=&#8221;7178&#8243; img_size=&#8221;full&#8221;][mk_button size=&#8221;medium&#8221; icon=&#8221;mk-moon-upload-7&#8243; url=&#8221;https:\/\/formatconversion.com\/sv\/upp-och-nedladdning\/&#8221; fullwidth=&#8221;true&#8221;]Konvertera ritning![\/mk_button][\/vc_column][\/vc_row]\n<\/div>","protected":false},"excerpt":{"rendered":"<p>[vc_row][vc_column][layerslider_vc id=&#8221;10&#8243;][\/vc_column][\/vc_row][vc_row css=&#8221;.vc_custom_1616602652425{margin-bottom: 64px !important;}&#8221;][vc_column width=&#8221;2\/3&#8243;][vc_column_text css=&#8221;.vc_custom_1631291658874{margin-bottom: 0px !important;}&#8221;] 2D formatkonvertering av enkla ritningar Det billigaste s\u00e4ttet \u00e4r att rita om fr\u00e5n en skannad pappersritning till ett modernt CAD-format i 2D. Bara genom en s\u00e5n \u00e5tg\u00e4rd blir ritningen betydligt mer digitalt anv\u00e4ndbar.[\/vc_column_text][vc_column_text css=&#8221;.vc_custom_1631291695305{margin-bottom: 0px !important;}&#8221;]V\u00e5r enklaste konverteringstj\u00e4nst avser att rita om befintliga ritningar i 2D, [&hellip;]<\/p>\n","protected":false},"author":3,"featured_media":0,"parent":0,"menu_order":0,"comment_status":"closed","ping_status":"closed","template":"","meta":[],"translation":{"provider":"WPGlobus","version":"3.0.0","language":"sv","enabled_languages":["en","sv"],"languages":{"en":{"title":true,"content":true,"excerpt":false},"sv":{"title":true,"content":true,"excerpt":false}}},"_links":{"self":[{"href":"https:\/\/formatconversion.com\/sv\/wp-json\/wp\/v2\/pages\/6899"}],"collection":[{"href":"https:\/\/formatconversion.com\/sv\/wp-json\/wp\/v2\/pages"}],"about":[{"href":"https:\/\/formatconversion.com\/sv\/wp-json\/wp\/v2\/types\/page"}],"author":[{"embeddable":true,"href":"https:\/\/formatconversion.com\/sv\/wp-json\/wp\/v2\/users\/3"}],"replies":[{"embeddable":true,"href":"https:\/\/formatconversion.com\/sv\/wp-json\/wp\/v2\/comments?post=6899"}],"version-history":[{"count":10,"href":"https:\/\/formatconversion.com\/sv\/wp-json\/wp\/v2\/pages\/6899\/revisions"}],"predecessor-version":[{"id":8209,"href":"https:\/\/formatconversion.com\/sv\/wp-json\/wp\/v2\/pages\/6899\/revisions\/8209"}],"wp:attachment":[{"href":"https:\/\/formatconversion.com\/sv\/wp-json\/wp\/v2\/media?parent=6899"}],"curies":[{"name":"wp","href":"https:\/\/api.w.org\/{rel}","templated":true}]}}