{"id":6891,"date":"2019-01-28T23:13:37","date_gmt":"2019-01-28T22:13:37","guid":{"rendered":"http:\/\/xtest.ritningskonvertering.se\/?page_id=6891"},"modified":"2022-09-19T22:24:52","modified_gmt":"2022-09-19T20:24:52","slug":"faq","status":"publish","type":"page","link":"https:\/\/formatconversion.com\/sv\/fragor-svar\/","title":{"rendered":"Fr\u00e5gor &#038; svar"},"content":{"rendered":"<div class=\"wpb-content-wrapper\">[vc_row][vc_column][vc_column_text css=&#8221;.vc_custom_1632502483712{margin-bottom: 0px !important;}&#8221;]\n<h1>Fr\u00e5gor &amp; svar<\/h1>\n[\/vc_column_text][\/vc_column][\/vc_row][vc_row][vc_column][vc_tabs orientation=&#8221;vertical&#8221; container_bg_color=&#8221;#ffffff&#8221;][vc_tab title=&#8221;Hur blir slutresultatet?&#8221; tab_id=&#8221;1549402631-1-32&#8243;][vc_column_text css=&#8221;.vc_custom_1663616620707{margin-bottom: 0px !important;}&#8221;]Det beror mest p\u00e5 hur bra de inkommande underlagen ser ut. \u00c4r dessa tydliga och kompletta blir resultatet v\u00e4ldigt bra, eftersom noggrannheten i CAD-filen \u00e4r betydligt h\u00f6gre \u00e4n i en skannad papperskopia. M\u00e5tts\u00e4ttningen \u00e4r ju dessutom beorende av hur underlaget ser ut, det finns ju inga andra uppgifter att utg\u00e5 ifr\u00e5n.<\/p>\n<p>Vi g\u00f6r det vi kallar ett till ett-konvertering, dvs vi f\u00f6r\u00e4ndrar ingenting av det underlagen visar, utan ritar in precis allt som visas p\u00e5 dessa. P\u00e5 detta s\u00e4tt g\u00e5r det alltid att j\u00e4mf\u00f6ra underlagen med det f\u00e4rdiga resultatet.<\/p>\n<p>Eventuella justeringar f\u00e5r g\u00f6ras efter\u00e5t.[\/vc_column_text][\/vc_tab][vc_tab title=&#8221;Vilka filformat kan konverteras?&#8221; tab_id=&#8221;1549403908257-2-9&#8243;][vc_column_text css=&#8221;.vc_custom_1663616783208{margin-bottom: 0px !important;}&#8221;]Vi beh\u00f6ver ha in underlagen som skannade underlag, antingen som och helst som PDF-format eller som valfritt raster-format. Vi kan \u00e4ven arbeta utifr\u00e5n AutoCAD-format, om dessa \u00e4r kompletta, det vill s\u00e4ga att all information i filerna \u00e4r tillg\u00e4ngligt.<\/p>\n<p>Vi kan \u00e4ven ta emot andra filformat. Kontka oss vid behov.[\/vc_column_text][\/vc_tab][vc_tab title=&#8221;Hur ber\u00e4knas priset?&#8221; tab_id=&#8221;1549403909537-3-8&#8243;][vc_column_text css=&#8221;.vc_custom_1663617201761{margin-bottom: 0px !important;}&#8221;]Priserna ber\u00e4knas utifr\u00e5n pappersstorlek, densitetet av ritobjekt och typ av ritning (teknikomr\u00e5de). Till dessa baspriser tillkommer olika till\u00e4gg, som h\u00f6gre densitet (mer information p\u00e5 ritningen), 3D-objekt, stor omfattning av text p\u00e5 ritningen m fl.<\/p>\n<p>M\u00e5nga likartade ritningar kan recucerade priset, exempelvis om de \u00e4r v\u00e4ldigt lika s\u00e5 att ren kopiering av de likartade delarna kan g\u00f6ras.<\/p>\n<p>Ifyllnad av en ny ritst\u00e4mpel \u00e4r ocks\u00e5 ett till\u00e4gg. Oftast p\u00e5 \u00e4r det dock l\u00e4mpligt att skapa ett register parallellt med konverteringen, vilket kan anv\u00e4ndas f\u00f6r att l\u00e4sa in de nya ritningarna i ett dokumentarkiv.[\/vc_column_text][\/vc_tab][vc_tab title=&#8221;N\u00e4r sker betalning?&#8221; tab_id=&#8221;1549403915146-8-6&#8243;][vc_column_text css=&#8221;.vc_custom_1663617357616{margin-bottom: 0px !important;}&#8221;]Betalningen sker normalt d\u00e5 arbetet slutf\u00f6rts. Vid st\u00f6rre arbeten och i s\u00e4rsklida fall, beg\u00e4r vi ett f\u00f6rskott om 30 % av slutpriset. Detta f\u00f6r att s\u00e4kerst\u00e4lla periodvisa delbetalningar.[\/vc_column_text][\/vc_tab][vc_tab title=&#8221;Hur l\u00e5ng leveranstid?&#8221; tab_id=&#8221;1549403911216-4-9&#8243;][vc_column_text css=&#8221;.vc_custom_1663617419833{margin-bottom: 0px !important;}&#8221;]Normalt levererar vi inom 2 veckor. Med ett express-till\u00e4gg kan detta kortas till 3-5 arbetsdagar. Vid st\u00f6rre arbetet skapar vi en leveransplan tillsammans.[\/vc_column_text][\/vc_tab][vc_tab title=&#8221;Vilken information vill vi ha?&#8221; tab_id=&#8221;1549403911966-5-9&#8243;][vc_column_text css=&#8221;.vc_custom_1663617736920{margin-bottom: 0px !important;}&#8221;]Vi beh\u00f6ver underlag som g\u00e5r att l\u00e4sa och f\u00f6rst\u00e5. Detta kontrollerar vi f\u00f6re uppstarten. Otydliga underlag tar betydligt mer tid att arbeta med, d\u00e4rav f\u00f6ljer att vi debiterar extra f\u00f6r s\u00e5dana fall.<\/p>\n<p>Vi kan ocks\u00e5 markera otydliga avsnitt, som kan kompletteras i efterhand. Antingen av oss eller av kunden, som d\u00e5 m\u00e5ste tillf\u00f6ra mer information. S\u00e5dana till\u00e4gg debiteras.[\/vc_column_text][\/vc_tab][vc_tab title=&#8221;Hur fungerar er garanti?&#8221; tab_id=&#8221;1549403914321-7-4&#8243;][vc_column_text css=&#8221;.vc_custom_1663617996103{margin-bottom: 0px !important;}&#8221;]Vi garanterar att konverteringen sker ett till ett, dvs vi ritar exakt det som finns p\u00e5 underlagen. F\u00f6rekommer otydligheter kan vi f\u00f6rst\u00e5s inte garantera genomf\u00f6randet, vid s\u00e5dana fall markerar vi otydligheten f\u00f6r er att bearbeta.<\/p>\n<p>Genom att vi levererar de nya underlagen \u00e4r det direkt m\u00f6jligt att j\u00e4mf\u00f6ra inkommande och utg\u00e5ende underlag. Detta ska g\u00f6ras direkt vid v\u00e5r leverans.[\/vc_column_text][\/vc_tab][\/vc_tabs][\/vc_column][\/vc_row]\n<\/div>","protected":false},"excerpt":{"rendered":"<p>[vc_row][vc_column][vc_column_text css=&#8221;.vc_custom_1632502483712{margin-bottom: 0px !important;}&#8221;] Fr\u00e5gor &amp; svar [\/vc_column_text][\/vc_column][\/vc_row][vc_row][vc_column][vc_tabs orientation=&#8221;vertical&#8221; container_bg_color=&#8221;#ffffff&#8221;][vc_tab title=&#8221;Hur blir slutresultatet?&#8221; tab_id=&#8221;1549402631-1-32&#8243;][vc_column_text css=&#8221;.vc_custom_1663616620707{margin-bottom: 0px !important;}&#8221;]Det beror mest p\u00e5 hur bra de inkommande underlagen ser ut. \u00c4r dessa tydliga och kompletta blir resultatet v\u00e4ldigt bra, eftersom noggrannheten i CAD-filen \u00e4r betydligt h\u00f6gre \u00e4n i en skannad papperskopia. M\u00e5tts\u00e4ttningen \u00e4r ju dessutom beorende av hur [&hellip;]<\/p>\n","protected":false},"author":3,"featured_media":0,"parent":0,"menu_order":0,"comment_status":"closed","ping_status":"closed","template":"","meta":[],"translation":{"provider":"WPGlobus","version":"3.0.0","language":"sv","enabled_languages":["en","sv"],"languages":{"en":{"title":true,"content":true,"excerpt":false},"sv":{"title":true,"content":true,"excerpt":false}}},"_links":{"self":[{"href":"https:\/\/formatconversion.com\/sv\/wp-json\/wp\/v2\/pages\/6891"}],"collection":[{"href":"https:\/\/formatconversion.com\/sv\/wp-json\/wp\/v2\/pages"}],"about":[{"href":"https:\/\/formatconversion.com\/sv\/wp-json\/wp\/v2\/types\/page"}],"author":[{"embeddable":true,"href":"https:\/\/formatconversion.com\/sv\/wp-json\/wp\/v2\/users\/3"}],"replies":[{"embeddable":true,"href":"https:\/\/formatconversion.com\/sv\/wp-json\/wp\/v2\/comments?post=6891"}],"version-history":[{"count":10,"href":"https:\/\/formatconversion.com\/sv\/wp-json\/wp\/v2\/pages\/6891\/revisions"}],"predecessor-version":[{"id":6893,"href":"https:\/\/formatconversion.com\/sv\/wp-json\/wp\/v2\/pages\/6891\/revisions\/6893"}],"wp:attachment":[{"href":"https:\/\/formatconversion.com\/sv\/wp-json\/wp\/v2\/media?parent=6891"}],"curies":[{"name":"wp","href":"https:\/\/api.w.org\/{rel}","templated":true}]}}