{"id":6884,"date":"2019-01-28T23:12:36","date_gmt":"2019-01-28T22:12:36","guid":{"rendered":"http:\/\/xtest.ritningskonvertering.se\/?page_id=6884"},"modified":"2025-02-21T15:06:09","modified_gmt":"2025-02-21T14:06:09","slug":"project-portal","status":"publish","type":"page","link":"https:\/\/formatconversion.com\/sv\/projektportal\/","title":{"rendered":"Projektportal"},"content":{"rendered":"<div class=\"wpb-content-wrapper\">[vc_row][vc_column width=&#8221;2\/3&#8243;][vc_column_text]\n<h3>In- och utleveranser via v\u00e5r projektportal<\/h3>\n<p><strong>Genom att f\u00f6rb\u00e4ttra hanteringen av dokumenten i leveransprojekten, och ge kundernas anv\u00e4ndare \u00e5tkomst, kan kvaliteten p\u00e5 b\u00e5de det levererade materialet och procedurerna i hanteringen n\u00e5 en h\u00f6gre kvalitet.\u00a0V\u00e5r egen Trix ProjectAccess \u00e4r en projektportal d\u00e4r in- och utleveranser av dokumentfiler sker och d\u00e4r all n\u00f6dv\u00e4ndig projektadministration g\u00f6rs. Tanken \u00e4r att hela hanteringen f\u00f6renklas, bli kvalitativt b\u00e4ttre och tids\u00f6dande sortering av inkommande filer kan elimineras.<\/strong><\/p>\n<p>Processen \u00e4r att kunden inlevererar de ritningsfiler som ska konverteras, vi granskar dessa och g\u00f6r eventuella kommentarer som kunden kan bevara. D\u00e4refter genomf\u00f6rs arbetet och levereras tillbaka till. Och kunden kan kommentera resultatet f\u00f6r justeringar innan slutleveransen g\u00f6rs. Allt i Trix ProjectAccess \u00e5tkomligt f\u00f6r alla parter.<\/p>\n<p>Att arbeta med f\u00f6r\u00e4ndringsarbeten via en projektstruktur, digitala leveranser och med st\u00f6d av optimala verktyg sparar mycket tid f\u00f6r dig och dina externa anv\u00e4ndare.<\/p>\n<p>Trix ProjectAccess 7 inneh\u00e5ller funktioner f\u00f6r att hantera den interna leveranskontrollen. Alla nya och reviderade dokument ska granskas och godk\u00e4nnas innan de accepteras. Detta g\u00f6rs i den formella delen i Trix Organizer Project Access och inneb\u00e4r att kontrollprocessen kan kopplas till leveransgodk\u00e4nnanden i projektet. Inleveranskontrollen g\u00f6rs med st\u00f6d av de krav som anges i svensk standard och svenska rekommendationer, exempelvis Bygghandlingar 90, del 8 och den internationella standarden SS-EN 82\u00a0045. Till dessa standarder har vi v\u00e5r Trix Leveransspecifikation som fokuserar p\u00e5 speciellt viktiga krav vid inleveranser. Detta \u00e4r en stor f\u00f6rdel i kvalitetsarbetet och st\u00f6djer moderna metoder r\u00f6rande digitala leveranskontroller.[\/vc_column_text][\/vc_column][vc_column width=&#8221;1\/3&#8243;][vc_single_image image=&#8221;7797&#8243; img_size=&#8221;full&#8221;][mk_padding_divider][mk_button size=&#8221;medium&#8221; icon=&#8221;mk-moon-upload-7&#8243; url=&#8221;https:\/\/formatconversion.com\/sv\/upp-och-nedladdning\/&#8221; fullwidth=&#8221;true&#8221;]Konvertera ritning![\/mk_button][\/vc_column][\/vc_row]\n<\/div>","protected":false},"excerpt":{"rendered":"<p>[vc_row][vc_column width=&#8221;2\/3&#8243;][vc_column_text] In- och utleveranser via v\u00e5r projektportal Genom att f\u00f6rb\u00e4ttra hanteringen av dokumenten i leveransprojekten, och ge kundernas anv\u00e4ndare \u00e5tkomst, kan kvaliteten p\u00e5 b\u00e5de det levererade materialet och procedurerna i hanteringen n\u00e5 en h\u00f6gre kvalitet.\u00a0V\u00e5r egen Trix ProjectAccess \u00e4r en projektportal d\u00e4r in- och utleveranser av dokumentfiler sker och d\u00e4r all n\u00f6dv\u00e4ndig projektadministration g\u00f6rs. [&hellip;]<\/p>\n","protected":false},"author":3,"featured_media":0,"parent":0,"menu_order":0,"comment_status":"closed","ping_status":"closed","template":"","meta":{"footnotes":""},"class_list":["post-6884","page","type-page","status-publish","hentry"],"translation":{"provider":"WPGlobus","version":"3.0.2","language":"sv","enabled_languages":["en","sv"],"languages":{"en":{"title":true,"content":true,"excerpt":false},"sv":{"title":true,"content":true,"excerpt":false}}},"_links":{"self":[{"href":"https:\/\/formatconversion.com\/sv\/wp-json\/wp\/v2\/pages\/6884","targetHints":{"allow":["GET"]}}],"collection":[{"href":"https:\/\/formatconversion.com\/sv\/wp-json\/wp\/v2\/pages"}],"about":[{"href":"https:\/\/formatconversion.com\/sv\/wp-json\/wp\/v2\/types\/page"}],"author":[{"embeddable":true,"href":"https:\/\/formatconversion.com\/sv\/wp-json\/wp\/v2\/users\/3"}],"replies":[{"embeddable":true,"href":"https:\/\/formatconversion.com\/sv\/wp-json\/wp\/v2\/comments?post=6884"}],"version-history":[{"count":10,"href":"https:\/\/formatconversion.com\/sv\/wp-json\/wp\/v2\/pages\/6884\/revisions"}],"predecessor-version":[{"id":8205,"href":"https:\/\/formatconversion.com\/sv\/wp-json\/wp\/v2\/pages\/6884\/revisions\/8205"}],"wp:attachment":[{"href":"https:\/\/formatconversion.com\/sv\/wp-json\/wp\/v2\/media?parent=6884"}],"curies":[{"name":"wp","href":"https:\/\/api.w.org\/{rel}","templated":true}]}}