{"id":6878,"date":"2019-01-28T23:10:46","date_gmt":"2019-01-28T22:10:46","guid":{"rendered":"http:\/\/xtest.ritningskonvertering.se\/?page_id=6878"},"modified":"2025-02-21T13:50:45","modified_gmt":"2025-02-21T12:50:45","slug":"up-and-download","status":"publish","type":"page","link":"https:\/\/formatconversion.com\/sv\/upp-och-nedladdning\/","title":{"rendered":"Upp- och nedladdning"},"content":{"rendered":"<div class=\"wpb-content-wrapper\">[vc_row][vc_column width=&#8221;2\/3&#8243;][vc_column_text css=&#8221;.vc_custom_1663519597434{margin-bottom: 0px !important;}&#8221;]\n<h1>Upp- och nedladdning<\/h1>\n<p>Vi tar emot filerna inf\u00f6r ett konverteringsprojekt genom att dessa laddas upp med v\u00e5r servertj\u00e4nst. Filerna granskas och eventuella kvalitetsproblem noteras. D\u00e4refter \u00f6verf\u00f6rs filerna till aktuellt projektserver.<\/p>\n<p>N\u00e4r konverteringsarbetet \u00e4r klart arkiveras de nya filerna tillsammans med de inkommande. Dessa kan d\u00e4refter laddas ned till kundens server.<\/p>\n<p>Filerna finns kvar en tid efter projektet \u00e4r f\u00e4rdigt.[\/vc_column_text][vc_column_text css=&#8221;.vc_custom_1740142232137{margin-bottom: 0px !important;}&#8221;]\n<h3>Ladda upp fil\/filer<\/h3>\n[\/vc_column_text]<div role=\"form\" class=\"wpcf7\" id=\"wpcf7-f8180-o1\" lang=\"sv-SE\" dir=\"ltr\">\n<div class=\"screen-reader-response\"><p role=\"status\" aria-live=\"polite\" aria-atomic=\"true\"><\/p> <ul><\/ul><\/div>\n<form action=\"\/sv\/wp-json\/wp\/v2\/pages\/6878#wpcf7-f8180-o1\" method=\"post\" class=\"wpcf7-form init\" novalidate=\"novalidate\" data-status=\"init\">\n<div style=\"display: none;\">\n<input type=\"hidden\" name=\"_wpcf7\" value=\"8180\" \/>\n<input type=\"hidden\" name=\"_wpcf7_version\" value=\"5.6.4\" \/>\n<input type=\"hidden\" name=\"_wpcf7_locale\" value=\"sv_SE\" \/>\n<input type=\"hidden\" name=\"_wpcf7_unit_tag\" value=\"wpcf7-f8180-o1\" \/>\n<input type=\"hidden\" name=\"_wpcf7_container_post\" value=\"0\" \/>\n<input type=\"hidden\" name=\"_wpcf7_posted_data_hash\" value=\"\" \/>\n<input type=\"hidden\" name=\"_wpcf7dtx_version\" value=\"5.0.5\" \/>\n<input type=\"hidden\" name=\"upload_dir\" value=\"2026-04-17-01-05-57\" \/>\n<input type=\"hidden\" name=\"generate_name\" value=\"04-17-26-69e21415de2db\" \/>\n<input type=\"hidden\" name=\"_wpcf7_post_id\" value=\"6878\" \/>\n<input type=\"hidden\" name=\"_wpcf7_recaptcha_response\" value=\"\" \/>\n<\/div>\n<p><i>Filformat,<br \/>\njpg|mp4|dwg|CATPart|CATProduct|prt|asm|ipt|aim|prt|sldprt|sldasm|igs|iges|stp|step|stl|qif|pdf)<\/i><\/p>\n<p><label> Namn<br \/>\n    <span class=\"wpcf7-form-control-wrap\" data-name=\"your-name\"><input type=\"text\" name=\"your-name\" value=\"\" size=\"40\" class=\"wpcf7-form-control wpcf7-text wpcf7-validates-as-required\" aria-required=\"true\" aria-invalid=\"false\" \/><\/span> <\/label><\/p>\n<p><label> F\u00f6retag<br \/>\n    <span class=\"wpcf7-form-control-wrap\" data-name=\"your-company\"><input type=\"text\" name=\"your-company\" value=\"\" size=\"40\" class=\"wpcf7-form-control wpcf7-text\" aria-invalid=\"false\" \/><\/span> <\/label><\/p>\n<p><label> E-post<br \/>\n    <span class=\"wpcf7-form-control-wrap\" data-name=\"your-email\"><input type=\"email\" name=\"your-email\" value=\"\" size=\"40\" class=\"wpcf7-form-control wpcf7-text wpcf7-email wpcf7-validates-as-required wpcf7-validates-as-email\" aria-required=\"true\" aria-invalid=\"false\" \/><\/span> <\/label><\/p>\n<p><span class=\"wpcf7-form-control-wrap codedropz-theme-light\" data-name=\"conversionFiles\"><input type=\"file\" size=\"40\" class=\"wpcf7-form-control wpcf7-drag-n-drop-file d-none\" aria-invalid=\"false\" multiple=\"multiple\" data-name=\"conversionFiles\" data-type=\"jpg|mp4|dwg|CATPart|CATProduct|prt|asm|ipt|aim|prt|sldprt|sldasm|igs|iges|stp|step|stl|qif|pdf\" data-limit=\"1073741824\" data-max=\"3\" data-id=\"8180\" accept=\".jpg, .mp4, .dwg, .CATPart, .CATProduct, .prt, .asm, .ipt, .aim, .prt, .sldprt, .sldasm, .igs, .iges, .stp, .step, .stl, .qif, .pdf\" \/><\/span><\/p>\n<p><input type=\"submit\" value=\"Skicka\" class=\"wpcf7-form-control has-spinner wpcf7-submit\" \/><\/p>\n<input type='hidden' class='wpcf7-pum' value='{\"closepopup\":false,\"closedelay\":0,\"openpopup\":false,\"openpopup_id\":0}' \/><div class=\"wpcf7-response-output\" aria-hidden=\"true\"><\/div><\/form><\/div>[\/vc_column][vc_column width=&#8221;1\/3&#8243;][vc_single_image image=&#8221;7795&#8243; img_size=&#8221;full&#8221;][\/vc_column][\/vc_row]\n<\/div>","protected":false},"excerpt":{"rendered":"<p>[vc_row][vc_column width=&#8221;2\/3&#8243;][vc_column_text css=&#8221;.vc_custom_1663519597434{margin-bottom: 0px !important;}&#8221;] Upp- och nedladdning Vi tar emot filerna inf\u00f6r ett konverteringsprojekt genom att dessa laddas upp med v\u00e5r servertj\u00e4nst. Filerna granskas och eventuella kvalitetsproblem noteras. D\u00e4refter \u00f6verf\u00f6rs filerna till aktuellt projektserver. N\u00e4r konverteringsarbetet \u00e4r klart arkiveras de nya filerna tillsammans med de inkommande. Dessa kan d\u00e4refter laddas ned till kundens server. [&hellip;]<\/p>\n","protected":false},"author":3,"featured_media":0,"parent":0,"menu_order":0,"comment_status":"closed","ping_status":"closed","template":"","meta":[],"translation":{"provider":"WPGlobus","version":"3.0.0","language":"sv","enabled_languages":["en","sv"],"languages":{"en":{"title":true,"content":true,"excerpt":false},"sv":{"title":true,"content":true,"excerpt":false}}},"_links":{"self":[{"href":"https:\/\/formatconversion.com\/sv\/wp-json\/wp\/v2\/pages\/6878"}],"collection":[{"href":"https:\/\/formatconversion.com\/sv\/wp-json\/wp\/v2\/pages"}],"about":[{"href":"https:\/\/formatconversion.com\/sv\/wp-json\/wp\/v2\/types\/page"}],"author":[{"embeddable":true,"href":"https:\/\/formatconversion.com\/sv\/wp-json\/wp\/v2\/users\/3"}],"replies":[{"embeddable":true,"href":"https:\/\/formatconversion.com\/sv\/wp-json\/wp\/v2\/comments?post=6878"}],"version-history":[{"count":10,"href":"https:\/\/formatconversion.com\/sv\/wp-json\/wp\/v2\/pages\/6878\/revisions"}],"predecessor-version":[{"id":8181,"href":"https:\/\/formatconversion.com\/sv\/wp-json\/wp\/v2\/pages\/6878\/revisions\/8181"}],"wp:attachment":[{"href":"https:\/\/formatconversion.com\/sv\/wp-json\/wp\/v2\/media?parent=6878"}],"curies":[{"name":"wp","href":"https:\/\/api.w.org\/{rel}","templated":true}]}}