{"id":4650,"date":"2015-02-08T19:41:08","date_gmt":"2015-02-08T18:41:08","guid":{"rendered":"http:\/\/trixsystems.se\/?page_id=4650"},"modified":"2022-09-18T19:32:45","modified_gmt":"2022-09-18T17:32:45","slug":"history","status":"publish","type":"page","link":"https:\/\/formatconversion.com\/sv\/historik\/","title":{"rendered":"Historik"},"content":{"rendered":"<div class=\"wpb-content-wrapper\">[vc_row][vc_column width=&#8221;2\/3&#8243;][vc_column_text css=&#8221;.vc_custom_1632501550092{margin-bottom: 0px !important;}&#8221;]\n<div id=\"dnn_ctr626_ModuleContent\">\n<div id=\"dnn_ctr626_HtmlModule_lblContent\">\n<h1>Historik<\/h1>\n<p><strong>Provanum AB <\/strong>startades 1993 av Thomas Malmberg, som idag \u00e4r f\u00f6retagets VD. Thomas kom d\u00e5 fr\u00e5n teknikkonsultf\u00f6retaget GEKAB och hade dessutom mycket erfarenhet med sig fr\u00e5n CAD-branschen. De f\u00f6rsta \u00e5ren drevs Provanum som ett konsultf\u00f6retag, som hj\u00e4lpte f\u00f6retag och kommuner med utredningar och upphandlingar kring dokumenthantering. Provanum utvecklade under denna period inga egna produkter utan agerade \u00e5terf\u00f6rs\u00e4ljare f\u00f6r andra dokumenthanteringssystem.<\/p>\n<p>Fyra \u00e5r tidigare, 1989, grundades f\u00f6retaget <strong>Trix Systems AB <\/strong>av Per Hillerstr\u00f6m och J\u00f6rgen Frilander. Med bakgrund fr\u00e5n bland annat CadPoint AB i Bor\u00e5s (Point-produkterna) ville Trix Systems utveckla standardiserade, ingenj\u00f6rsn\u00e4ra programvaror som kunde s\u00e4ljas via \u00e5terf\u00f6rs\u00e4ljare och distribut\u00f6rer. De f\u00f6rsta produkterna var TracTrix, som konverterade rasterobjekt till vektorobjekt, och Trix DrawingCenter, en dokumentvisare f\u00f6r att titta p\u00e5 ritningar och dokument.<\/p>\n<p>Det amerikanska bolaget <strong>Trix Systems, Inc<\/strong> bildades 1995. Tv\u00e5 amerikanska medarbetare, Paul Sorensen och Chris Sweetnam, ingick i samarbete f\u00f6r att driva bolaget och s\u00e4lja Trix-produkter i USA, Kanada och Sydamerika.<\/p>\n<p>Provanum och Trix Systems gick ihop 1998 f\u00f6r att tillsammans ta ett steg till. Provanum l\u00e4mnade rollen som \u00e5terf\u00f6rs\u00e4ljare och b\u00f6rjade att s\u00e4lja egenutvecklade l\u00f6sningar under produktnamnet Trix. Ny i produktfamiljen blev Trix Organizer, det digitala dokumentarkivet. Denna \u00e4r idag f\u00f6retagets huvudprodukt.<\/p>\n<p>2002 v\u00e4xte Provanum ytterligare n\u00e4r <strong>CAD-gruppen <\/strong>gick med i f\u00f6retagsgruppen. CAD-gruppen, som grundades 1988, fokuserade p\u00e5 el-konstruktion och har som auktoriserad AutoCAD-\u00e5terf\u00f6rs\u00e4ljare gjort sig ett namn inom konsult- och installationsbranschen. I och med detta tillskott kunde Provanum erbjuda \u00e4nnu fler starka produkter, branschexpertis och riktigt bra CAD-utbildningar.<\/p>\n<p>En introduktion till Norge gjordes 2005, fr\u00e4mst riktat till fastighetsbranschen, och idag finns n\u00e5gra norska kunder. En liknande introduktion gjordes i Dubai 2008, vilken ledde till n\u00e5gra indiska kunder. D\u00e4refter bromsades den introduktionen av finanskrisen 2009.<\/p>\n<p>Senaste f\u00f6retagstillskottet var <strong>Referat Fastighetsinformation AB<\/strong>, som tillkom 2006. H\u00e4r kom den viktiga kopplingen till omr\u00e5det fastighetsinformation. Produkten Fdok, ett enkelt webbarkiv, \u00f6vertogs och integrerades i Trix-familjen. Med Referats kompetens i ryggen kunde Provanum finslipa sina produkter ytterligare och bredda sin m\u00e5lgrupp \u00e4nnu mer.<\/p>\n<p>Det brittiska kontoret startades 2008 efter ett samarbete med Exportr\u00e5det i London. Kontoret ligger mitt i London och har underl\u00e4ttat etableringen i Storbritannien. Det finns ocks\u00e5 en engelsk partner etablerad och marknaden utvecklas kontinuerligt.<\/p>\n<p>Verksamheten i USA har hela tiden \u00f6kat och i dagsl\u00e4get finns flertalet st\u00f6rre kunder.<\/p>\n<\/div>\n<\/div>\n[\/vc_column_text][\/vc_column][vc_column width=&#8221;1\/3&#8243;][vc_single_image image=&#8221;7371&#8243; img_size=&#8221;full&#8221;][\/vc_column][\/vc_row]\n<\/div>","protected":false},"excerpt":{"rendered":"<p>[vc_row][vc_column width=&#8221;2\/3&#8243;][vc_column_text css=&#8221;.vc_custom_1632501550092{margin-bottom: 0px !important;}&#8221;] Historik Provanum AB startades 1993 av Thomas Malmberg, som idag \u00e4r f\u00f6retagets VD. Thomas kom d\u00e5 fr\u00e5n teknikkonsultf\u00f6retaget GEKAB och hade dessutom mycket erfarenhet med sig fr\u00e5n CAD-branschen. De f\u00f6rsta \u00e5ren drevs Provanum som ett konsultf\u00f6retag, som hj\u00e4lpte f\u00f6retag och kommuner med utredningar och upphandlingar kring dokumenthantering. Provanum utvecklade under [&hellip;]<\/p>\n","protected":false},"author":1,"featured_media":0,"parent":0,"menu_order":0,"comment_status":"open","ping_status":"closed","template":"","meta":[],"translation":{"provider":"WPGlobus","version":"3.0.0","language":"sv","enabled_languages":["en","sv"],"languages":{"en":{"title":true,"content":true,"excerpt":false},"sv":{"title":true,"content":true,"excerpt":false}}},"_links":{"self":[{"href":"https:\/\/formatconversion.com\/sv\/wp-json\/wp\/v2\/pages\/4650"}],"collection":[{"href":"https:\/\/formatconversion.com\/sv\/wp-json\/wp\/v2\/pages"}],"about":[{"href":"https:\/\/formatconversion.com\/sv\/wp-json\/wp\/v2\/types\/page"}],"author":[{"embeddable":true,"href":"https:\/\/formatconversion.com\/sv\/wp-json\/wp\/v2\/users\/1"}],"replies":[{"embeddable":true,"href":"https:\/\/formatconversion.com\/sv\/wp-json\/wp\/v2\/comments?post=4650"}],"version-history":[{"count":7,"href":"https:\/\/formatconversion.com\/sv\/wp-json\/wp\/v2\/pages\/4650\/revisions"}],"predecessor-version":[{"id":7833,"href":"https:\/\/formatconversion.com\/sv\/wp-json\/wp\/v2\/pages\/4650\/revisions\/7833"}],"wp:attachment":[{"href":"https:\/\/formatconversion.com\/sv\/wp-json\/wp\/v2\/media?parent=4650"}],"curies":[{"name":"wp","href":"https:\/\/api.w.org\/{rel}","templated":true}]}}