{"id":4647,"date":"2015-02-08T19:39:51","date_gmt":"2015-02-08T18:39:51","guid":{"rendered":"http:\/\/trixsystems.se\/?page_id=4647"},"modified":"2022-10-27T21:10:39","modified_gmt":"2022-10-27T19:10:39","slug":"conversion-supplier","status":"publish","type":"page","link":"https:\/\/formatconversion.com\/sv\/leverantor-av-dokumentkonvertering\/","title":{"rendered":"Leverant\u00f6r av dokumentkonvertering"},"content":{"rendered":"<div class=\"wpb-content-wrapper\">[vc_row][vc_column width=&#8221;2\/3&#8243;][vc_column_text css=&#8221;.vc_custom_1666897824362{margin-bottom: 0px !important;}&#8221;]\n<h1>Tj\u00e4nsteleverant\u00f6r<\/h1>\n<p>V\u00e5r verksamhet med ritningskonvertering har p\u00e5g\u00e5tt i \u00f6ver 20 \u00e5r. Det har varit ett effektivt s\u00e4tt att omvandla pappersritningar till digitala. Vi utf\u00f6r den st\u00f6rsta delen av det arbetet med hj\u00e4lp av partners i Indien, Kina och Sri Lanka.<\/p>\n<p><strong>Trix Systems AB<\/strong> utvecklar produkterna inom omr\u00e5det bildbearbetning och dokument- och ritningshantering. Trix Systems ABs aff\u00e4rsid\u00e9 har fr\u00e5n b\u00f6rjan varit att utveckla mjukvara som g\u00f6r det m\u00f6jligt f\u00f6r anv\u00e4ndare att p\u00e5 ett mer effektivt s\u00e4tt tillgodog\u00f6ra sig ritningar p\u00e5 papper, bildkort eller annat analogt media i sin datormilj\u00f6.<\/p>\n<p><strong>Provanum AB<\/strong> \u00e4r specialiserat p\u00e5 att tillhandah\u00e5lla system, tj\u00e4nster och support som optimerar hanteringen av ingenj\u00f6rsbaserad information. Resultatet blir f\u00f6rb\u00e4ttrad effektivitet, kvalitet och samarbete samt \u00f6kad l\u00f6nsamhet. Bolaget levererar flera egenutvecklade produkter under produktnamnet Trix, samt d\u00e4rtill h\u00f6rande tj\u00e4nster.<\/p>\n<p>I USA finns <strong>Trix Systems Inc<\/strong>, ett dotterbolag som agerar som ett s\u00e4ljkontor p\u00e5 den amerikanska marknaden.<\/p>\n<p>V\u00e5r gemensamma aff\u00e4rsid\u00e9 bygger p\u00e5 att hj\u00e4lpa v\u00e5ra kunder att \u00f6ka tillg\u00e4ngligheten och rationalisera hanteringen av information. Vi hj\u00e4lper v\u00e5ra kunder att bli mer effektiva genom att \u00f6ka tillg\u00e4ngligheten till och rationalisera hanteringen av ingenj\u00f6rsbaserad information. Ritningar och andra dokument samt annan ingenj\u00f6rsdokumentation \u00e4r exempel. Dessutom tillhandah\u00e5ller Trix-produkterna st\u00f6d till kundernas arbetsprocesser kring f\u00f6r\u00e4ndringen av ingenj\u00f6rsdokumentationen samt tillh\u00f6rande \u00e4renden och kvalitetskontroller.[\/vc_column_text][\/vc_column][vc_column width=&#8221;1\/3&#8243;][vc_video][mk_padding_divider][vc_single_image image=&#8221;7070&#8243; img_size=&#8221;full&#8221;][\/vc_column][\/vc_row]\n<\/div>","protected":false},"excerpt":{"rendered":"<p>[vc_row][vc_column width=&#8221;2\/3&#8243;][vc_column_text css=&#8221;.vc_custom_1666897824362{margin-bottom: 0px !important;}&#8221;] Tj\u00e4nsteleverant\u00f6r V\u00e5r verksamhet med ritningskonvertering har p\u00e5g\u00e5tt i \u00f6ver 20 \u00e5r. Det har varit ett effektivt s\u00e4tt att omvandla pappersritningar till digitala. Vi utf\u00f6r den st\u00f6rsta delen av det arbetet med hj\u00e4lp av partners i Indien, Kina och Sri Lanka. Trix Systems AB utvecklar produkterna inom omr\u00e5det bildbearbetning och dokument- [&hellip;]<\/p>\n","protected":false},"author":1,"featured_media":0,"parent":0,"menu_order":0,"comment_status":"open","ping_status":"closed","template":"","meta":[],"translation":{"provider":"WPGlobus","version":"3.0.0","language":"sv","enabled_languages":["en","sv"],"languages":{"en":{"title":true,"content":true,"excerpt":false},"sv":{"title":true,"content":true,"excerpt":false}}},"_links":{"self":[{"href":"https:\/\/formatconversion.com\/sv\/wp-json\/wp\/v2\/pages\/4647"}],"collection":[{"href":"https:\/\/formatconversion.com\/sv\/wp-json\/wp\/v2\/pages"}],"about":[{"href":"https:\/\/formatconversion.com\/sv\/wp-json\/wp\/v2\/types\/page"}],"author":[{"embeddable":true,"href":"https:\/\/formatconversion.com\/sv\/wp-json\/wp\/v2\/users\/1"}],"replies":[{"embeddable":true,"href":"https:\/\/formatconversion.com\/sv\/wp-json\/wp\/v2\/comments?post=4647"}],"version-history":[{"count":10,"href":"https:\/\/formatconversion.com\/sv\/wp-json\/wp\/v2\/pages\/4647\/revisions"}],"predecessor-version":[{"id":8090,"href":"https:\/\/formatconversion.com\/sv\/wp-json\/wp\/v2\/pages\/4647\/revisions\/8090"}],"wp:attachment":[{"href":"https:\/\/formatconversion.com\/sv\/wp-json\/wp\/v2\/media?parent=4647"}],"curies":[{"name":"wp","href":"https:\/\/api.w.org\/{rel}","templated":true}]}}