{"id":4641,"date":"2015-02-08T19:29:02","date_gmt":"2015-02-08T18:29:02","guid":{"rendered":"http:\/\/trixsystems.se\/?page_id=4641"},"modified":"2022-10-02T20:28:31","modified_gmt":"2022-10-02T18:28:31","slug":"trix-online-services","status":"publish","type":"page","link":"https:\/\/formatconversion.com\/sv\/trix-online-services\/","title":{"rendered":"Trix Online Services"},"content":{"rendered":"<div class=\"wpb-content-wrapper\">[vc_row][vc_column][layerslider_vc id=&#8221;20&#8243;][\/vc_column][\/vc_row][vc_row][vc_column width=&#8221;1\/2&#8243;][mk_icon_box icon=&#8221;mk-moon-seven-segment-1&#8243; title=&#8221;Helpdesk&#8221; text_size=&#8221;20&#8243; style=&#8221;boxed&#8221; icon_color=&#8221;#ffffff&#8221; margin=&#8221;15&#8243; el_class=&#8221;specialiconfix boxheight&#8221;]Helpdesken \u00e4r bemannad p\u00e5 dagtid CET (Central European Time) mellan 7.00 \u2013 19.00, och vid EDT (Eastern Daylite Time, American) mellan 7 am \u2013 7 pm.[\/mk_icon_box][\/vc_column][vc_column width=&#8221;1\/2&#8243;][mk_icon_box icon=&#8221;mk-moon-seven-segment-2&#8243; title=&#8221;Chatt-service&#8221; text_size=&#8221;20&#8243; style=&#8221;boxed&#8221; icon_color=&#8221;#ffffff&#8221; el_class=&#8221;boxheight&#8221;]Chatten \u00e4r direkt tillg\u00e4nglig. \u00e4rendet behandlas direkt eller fortast m\u00f6jligt.[\/mk_icon_box][\/vc_column][\/vc_row][vc_row][vc_column width=&#8221;1\/2&#8243;][mk_icon_box icon=&#8221;mk-moon-seven-segment-3&#8243; title=&#8221;Specialistservice&#8221; style=&#8221;boxed&#8221; icon_color=&#8221;#ffffff&#8221; el_class=&#8221;boxheight&#8221;]Vissa specialisttj\u00e4nster kr\u00e4ver planerad tidbokning. Dessa m\u00e5ste bokas efter \u00f6verenskommelse.[\/mk_icon_box][\/vc_column][vc_column width=&#8221;1\/2&#8243;][mk_icon_box icon=&#8221;mk-moon-seven-segment-4&#8243; title=&#8221;Sj\u00e4lvstudiekurser&#8221; style=&#8221;boxed&#8221; icon_color=&#8221;#ffffff&#8221; el_class=&#8221;boxheight&#8221;]Vi tillhandah\u00e5ller b\u00e5de digitala manualer, instruktionsfilmer och sj\u00e4lvstudiekurser till avtalskunder.[\/mk_icon_box][\/vc_column][\/vc_row]\n<\/div>","protected":false},"excerpt":{"rendered":"<p>[vc_row][vc_column][layerslider_vc id=&#8221;20&#8243;][\/vc_column][\/vc_row][vc_row][vc_column width=&#8221;1\/2&#8243;][mk_icon_box icon=&#8221;mk-moon-seven-segment-1&#8243; title=&#8221;Helpdesk&#8221; text_size=&#8221;20&#8243; style=&#8221;boxed&#8221; icon_color=&#8221;#ffffff&#8221; margin=&#8221;15&#8243; el_class=&#8221;specialiconfix boxheight&#8221;]Helpdesken \u00e4r bemannad p\u00e5 dagtid CET (Central European Time) mellan 7.00 \u2013 19.00, och vid EDT (Eastern Daylite Time, American) mellan 7 am \u2013 7 pm.[\/mk_icon_box][\/vc_column][vc_column width=&#8221;1\/2&#8243;][mk_icon_box icon=&#8221;mk-moon-seven-segment-2&#8243; title=&#8221;Chatt-service&#8221; text_size=&#8221;20&#8243; style=&#8221;boxed&#8221; icon_color=&#8221;#ffffff&#8221; el_class=&#8221;boxheight&#8221;]Chatten \u00e4r direkt tillg\u00e4nglig. \u00e4rendet behandlas direkt eller fortast m\u00f6jligt.[\/mk_icon_box][\/vc_column][\/vc_row][vc_row][vc_column width=&#8221;1\/2&#8243;][mk_icon_box icon=&#8221;mk-moon-seven-segment-3&#8243; title=&#8221;Specialistservice&#8221; [&hellip;]<\/p>\n","protected":false},"author":1,"featured_media":0,"parent":0,"menu_order":0,"comment_status":"open","ping_status":"closed","template":"","meta":[],"translation":{"provider":"WPGlobus","version":"3.0.0","language":"sv","enabled_languages":["en","sv"],"languages":{"en":{"title":true,"content":true,"excerpt":false},"sv":{"title":true,"content":true,"excerpt":false}}},"_links":{"self":[{"href":"https:\/\/formatconversion.com\/sv\/wp-json\/wp\/v2\/pages\/4641"}],"collection":[{"href":"https:\/\/formatconversion.com\/sv\/wp-json\/wp\/v2\/pages"}],"about":[{"href":"https:\/\/formatconversion.com\/sv\/wp-json\/wp\/v2\/types\/page"}],"author":[{"embeddable":true,"href":"https:\/\/formatconversion.com\/sv\/wp-json\/wp\/v2\/users\/1"}],"replies":[{"embeddable":true,"href":"https:\/\/formatconversion.com\/sv\/wp-json\/wp\/v2\/comments?post=4641"}],"version-history":[{"count":7,"href":"https:\/\/formatconversion.com\/sv\/wp-json\/wp\/v2\/pages\/4641\/revisions"}],"predecessor-version":[{"id":7886,"href":"https:\/\/formatconversion.com\/sv\/wp-json\/wp\/v2\/pages\/4641\/revisions\/7886"}],"wp:attachment":[{"href":"https:\/\/formatconversion.com\/sv\/wp-json\/wp\/v2\/media?parent=4641"}],"curies":[{"name":"wp","href":"https:\/\/api.w.org\/{rel}","templated":true}]}}