{"id":4633,"date":"2015-02-08T19:05:24","date_gmt":"2015-02-08T18:05:24","guid":{"rendered":"http:\/\/trixsystems.se\/?page_id=4633"},"modified":"2022-09-15T20:04:44","modified_gmt":"2022-09-15T18:04:44","slug":"personliga-uppgifter-och-avtal","status":"publish","type":"page","link":"https:\/\/formatconversion.com\/sv\/personliga-uppgifter-och-avtal\/","title":{"rendered":"Personliga uppgifter och avtal"},"content":{"rendered":"<div class=\"wpb-content-wrapper\">[vc_row][vc_column width=&#8221;2\/3&#8243;][vc_column_text css=&#8221;.vc_custom_1663265085870{margin-bottom: 0px !important;}&#8221;]<strong>SKYDD AV PERSONLIG INFORMATION<\/strong><\/p>\n<p>Trix Systems AB \u00e4r f\u00f6rpliktigat att skydda dina personliga uppgifter och att anv\u00e4nda teknik som ger dig som anv\u00e4ndare den b\u00e4sta och s\u00e4kraste online-upplevelsen. Denna programf\u00f6rklaring g\u00e4ller Trix Systems AB webbplats och innefattar reglerna f\u00f6r datainsamling och anv\u00e4ndandet av personliga upplysningar. Som anv\u00e4ndare, bes\u00f6kare eller medlem av Trix Systems AB webbplats, f\u00f6rst\u00e5r och accepterar du de riktlinjer som beskrivs i denna programf\u00f6rklaring.<\/p>\n<p><strong>INSAMLING AV PERSONLIG INFORMATION<\/strong><\/p>\n<p>Trix Systems AB kan insamla personlig information, s\u00e5som e-postadress, namn, adress och telefonnummer. Trix Systems AB kan ocks\u00e5 samla in anonym demografisk information vilken inte \u00e4r unik f\u00f6r dig s\u00e5som postnummer, \u00e5lder, k\u00f6n, intressen och favoriter.<\/p>\n<p>Det finns ocks\u00e5 information om din h\u00e5rdvara och mjukvara som automatiskt kan samlas in av Trix Systems AB. Denna information kan vara: din IP-adress, typ av webbl\u00e4sare, dom\u00e4nnamn, access-tid och extern webbadress. Denna information anv\u00e4nds av Trix Systems AB f\u00f6r att uppr\u00e4tth\u00e5lla tj\u00e4nsten och f\u00f6r att kunna leverera statistik om anv\u00e4ndningen av Trix Systems AB webbplats.<\/p>\n<p>Kom ih\u00e5g att om du visar personligt identifierbar information eller annan k\u00e4nslig information genom Trix Systems AB \u00f6ppna meddelandeforum, kan denna information samlas in av andra. Notera: Trix Systems AB l\u00e4ser ingen av din privata online-kommunikation.<\/p>\n<p><strong>ANV\u00c4NDANDE AV PERSONLIG INFORMATION<\/strong><\/p>\n<p>Trix Systems AB samlar och anv\u00e4nder personlig information f\u00f6r att kunna driva Trix Systems AB webbplats och leverera de tj\u00e4nster du har beg\u00e4rt. Trix Systems AB anv\u00e4nder ocks\u00e5 personlig information f\u00f6r att informera dig och andra om produkter och tj\u00e4nster tillg\u00e4ngliga fr\u00e5n Trix Systems AB och deras partner. Trix Systems AB kan ocks\u00e5 kontakta dig genom enk\u00e4ter f\u00f6r att ta reda p\u00e5 din \u00e5sikt om eventuella nya tj\u00e4nster som kan komma att erbjudas.<\/p>\n<p>Trix Systems AB h\u00e5ller reda p\u00e5 vilka sidor som bes\u00f6ks i Trix Systems AB, f\u00f6r att veta vilka sidor och tj\u00e4nster som \u00e4r mest popul\u00e4ra. Denna data kan anv\u00e4ndas f\u00f6r att erbjuda kundanpassad information och annonsering.<\/p>\n<p>Trix Systems AB kommer endast l\u00e4mna ut din personliga information, utan f\u00f6rvarning, om vi \u00e4r n\u00f6dsakade att g\u00f6ra detta p\u00e5 grund av lagstiftning eller v\u00e5r tro att detta \u00e4r n\u00f6dv\u00e4ndigt f\u00f6r att skydda Trix Systems AB eller andra anv\u00e4ndares r\u00e4ttigheter.<\/p>\n<p><strong>ANV\u00c4NDANDE AV COOKIES<\/strong><\/p>\n<p>Trix Systems AB portal anv\u00e4nder \u201dcookies\u201d. En cookie \u00e4r en textfil som placeras p\u00e5 din h\u00e5rddisk av webbservern. Cookies kan inte anv\u00e4ndas f\u00f6r att exekvera program eller ge virus till din dator. Cookies \u00e4r unika f\u00f6r dig och kan bara l\u00e4sas av den dom\u00e4n som placerade cookien.<\/p>\n<p>En av de prim\u00e4ra uppgifterna f\u00f6r en cookie \u00e4r att spara tid f\u00f6r anv\u00e4ndaren. Cookien talar om f\u00f6r webbservern att du har \u00e5terkommit till en viss sida. Exempelvis\u00a0om du anpassar Trix Systems AB sidor, eller registrerar dig hos Trix Systems AB, hj\u00e4lper en cookie Trix Systems AB att komma ih\u00e5g den informationen. N\u00e4r du \u00e5terv\u00e4nder till Trix Systems AB webbplats, kan den informationen l\u00e4sas av webbservern och de funktioner du anpassat kan genast b\u00f6rja g\u00e4lla.<\/p>\n<p>Du har m\u00f6jligheten att acceptera eller f\u00f6rhindra cookies. De flesta webbl\u00e4sare accepterar automatiskt cookies, men du kan st\u00e4lla in webbl\u00e4saren s\u00e5 att den f\u00f6rnekar cookies. Om du v\u00e4ljer att inte anv\u00e4nda cookies kommer du inte att kunna anv\u00e4nda alla funktioner i Trix Systems AB webbplats.<\/p>\n<p><strong>S\u00c4KERHET OCH PERSONLIG INFORMATION<\/strong><\/p>\n<p>Trix Systems AB skyddar din personliga information fr\u00e5n obeh\u00f6rig tillg\u00e5ng eller anv\u00e4ndning. N\u00e4r personlig information (s\u00e5som kreditkortsnummer) skickas till andra webbplatser anv\u00e4nds kryptering, med hj\u00e4lp av protokollet Secure Socket Layer (SSL).<\/p>\n<p><strong>F\u00d6R\u00c4NDRINGAR AV DENNA PROGRAMF\u00d6RKLARING<\/strong><\/p>\n<p>Trix Systems AB kommer emellan\u00e5t att uppdatera denna programf\u00f6rklaring efter synpunkter fr\u00e5n bolaget eller bolagets kunder. Trix Systems AB rekommenderar dig att d\u00e5 och d\u00e5 l\u00e4sa igenom denna programf\u00f6rklaring f\u00f6r att vara uppdaterad om hur Trix Systems AB skyddar din personliga information.<\/p>\n<p><strong>KONTAKTINFORMATION<\/strong><\/p>\n<p>Trix Systems AB v\u00e4lkomnar dina kommentarer kring denna programf\u00f6rklaring betr\u00e4ffande s\u00e4kerhet. Om du tycker att Trix Systems AB inte har levt upp till denna programf\u00f6rklaring eller om du har andra synpunkter, v\u00e4nligen kontakta Trix Systems AB via e-post <a href=\"mailto:info@trixsystems.se\">info@trixsystems.se<\/a>.<\/p>\n<p><strong>VARUM\u00c4RKEN<\/strong><\/p>\n<p>Namn och varum\u00e4rken n\u00e4mnda h\u00e4r kan vara varum\u00e4rken f\u00f6r respektive \u00e4gare.<\/p>\n<p>Alla r\u00e4ttigheter f\u00f6rbeh\u00e5lles Trix Systems AB Copyright 2022 Trix Systems AB.[\/vc_column_text][\/vc_column][vc_column width=&#8221;1\/3&#8243;][vc_single_image image=&#8221;4181&#8243;][\/vc_column][\/vc_row]\n<\/div>","protected":false},"excerpt":{"rendered":"<p>[vc_row][vc_column width=&#8221;2\/3&#8243;][vc_column_text css=&#8221;.vc_custom_1663265085870{margin-bottom: 0px !important;}&#8221;]SKYDD AV PERSONLIG INFORMATION Trix Systems AB \u00e4r f\u00f6rpliktigat att skydda dina personliga uppgifter och att anv\u00e4nda teknik som ger dig som anv\u00e4ndare den b\u00e4sta och s\u00e4kraste online-upplevelsen. Denna programf\u00f6rklaring g\u00e4ller Trix Systems AB webbplats och innefattar reglerna f\u00f6r datainsamling och anv\u00e4ndandet av personliga upplysningar. Som anv\u00e4ndare, bes\u00f6kare eller medlem av [&hellip;]<\/p>\n","protected":false},"author":1,"featured_media":0,"parent":0,"menu_order":0,"comment_status":"open","ping_status":"closed","template":"","meta":[],"translation":{"provider":"WPGlobus","version":"3.0.0","language":"sv","enabled_languages":["en","sv"],"languages":{"en":{"title":true,"content":true,"excerpt":false},"sv":{"title":true,"content":true,"excerpt":false}}},"_links":{"self":[{"href":"https:\/\/formatconversion.com\/sv\/wp-json\/wp\/v2\/pages\/4633"}],"collection":[{"href":"https:\/\/formatconversion.com\/sv\/wp-json\/wp\/v2\/pages"}],"about":[{"href":"https:\/\/formatconversion.com\/sv\/wp-json\/wp\/v2\/types\/page"}],"author":[{"embeddable":true,"href":"https:\/\/formatconversion.com\/sv\/wp-json\/wp\/v2\/users\/1"}],"replies":[{"embeddable":true,"href":"https:\/\/formatconversion.com\/sv\/wp-json\/wp\/v2\/comments?post=4633"}],"version-history":[{"count":6,"href":"https:\/\/formatconversion.com\/sv\/wp-json\/wp\/v2\/pages\/4633\/revisions"}],"predecessor-version":[{"id":7737,"href":"https:\/\/formatconversion.com\/sv\/wp-json\/wp\/v2\/pages\/4633\/revisions\/7737"}],"wp:attachment":[{"href":"https:\/\/formatconversion.com\/sv\/wp-json\/wp\/v2\/media?parent=4633"}],"curies":[{"name":"wp","href":"https:\/\/api.w.org\/{rel}","templated":true}]}}