{"id":2811,"date":"2013-09-24T18:05:05","date_gmt":"2013-09-24T16:05:05","guid":{"rendered":"http:\/\/demo.zeotheory.com\/avien\/?page_id=2811"},"modified":"2025-02-17T11:17:43","modified_gmt":"2025-02-17T10:17:43","slug":"home","status":"publish","type":"page","link":"https:\/\/formatconversion.com\/sv\/","title":{"rendered":"Hem"},"content":{"rendered":"<div class=\"wpb-content-wrapper\">[vc_row fullwidth=&#8221;true&#8221; fullwidth_content=&#8221;false&#8221; css=&#8221;.vc_custom_1617006044798{padding-top: 25px !important;padding-right: 0px !important;padding-bottom: 25px !important;padding-left: 0px !important;background-image: url(https:\/\/formatconversion.com\/\/wp-content\/uploads\/sites\/7\/2021\/03\/ingresstripe_ritningskonvertering2.jpg?id=7442) !important;background-position: center !important;background-repeat: no-repeat !important;background-size: cover !important;}&#8221;][vc_column][\/vc_column][\/vc_row][vc_row fullwidth=&#8221;true&#8221;][vc_column][mk_layerslider id=&#8221;23&#8243;][\/vc_column][\/vc_row][vc_row fullwidth=&#8221;true&#8221; fullwidth_content=&#8221;false&#8221; css=&#8221;.vc_custom_1617006058348{padding-top: 25px !important;padding-right: 0px !important;padding-bottom: 25px !important;padding-left: 0px !important;background-image: url(https:\/\/formatconversion.com\/\/wp-content\/uploads\/sites\/7\/2021\/03\/ingresstripe_ritningskonvertering2.jpg?id=7442) !important;background-position: center !important;background-repeat: no-repeat !important;background-size: cover !important;}&#8221;][vc_column][\/vc_column][\/vc_row][vc_row visibility=&#8221;hidden-sm&#8221; css=&#8221;.vc_custom_1489410769519{padding-top: 35px !important;}&#8221;][vc_column width=&#8221;1\/3&#8243;][mk_flipbox flip_direction=&#8221;vertical&#8221; front_background_color=&#8221;#8a1119&#8243; back_background_color=&#8221;#8a1119&#8243; image=&#8221;https:\/\/formatconversion.com\/\/wp-content\/uploads\/sites\/7\/2021\/03\/dig2dconversion2.png&#8221; front_title=&#8221;Formatkonvertering till digitala 2D-ritningar&#8221; front_title_size=&#8221;24&#8243; front_title_color=&#8221;#ffffff&#8221; back_desc=&#8221;Mest prisv\u00e4rd: Fr\u00e5n enkla till v\u00e4lstrukturerade ritningar i 2D&#8221; back_desc_color=&#8221;#ffffff&#8221; button_url=&#8221;https:\/\/formatconversion.com\/\/sv\/2d-konvertering\/&#8221; button_text=&#8221;L\u00c4S MER&#8221; el_class=&#8221;konvertering2d&#8221;][\/vc_column][vc_column width=&#8221;1\/3&#8243;][mk_flipbox flip_direction=&#8221;vertical&#8221; front_background_color=&#8221;#63001a&#8221; back_background_color=&#8221;#4c0014&#8243; image=&#8221;https:\/\/formatconversion.com\/\/wp-content\/uploads\/sites\/7\/2021\/03\/dig3dconversion2.png&#8221; front_title=&#8221;Formatkonvertering till digitala 3D-modeller&#8221; front_title_size=&#8221;24&#8243; front_title_color=&#8221;#ffffff&#8221; back_desc=&#8221;Vid avancerade behov: Fr\u00e5n enkla till v\u00e4lstrukturerade ritningar i 3D&#8221; back_desc_size=&#8221;14&#8243; back_desc_color=&#8221;#ffffff&#8221; button_url=&#8221;https:\/\/formatconversion.com\/\/sv\/3d-formatkonvertering-av-avancerade-ritningar\/&#8221; button_text=&#8221;L\u00c4S MER&#8221; el_class=&#8221;konvertering3d&#8221;][\/vc_column][vc_column width=&#8221;1\/3&#8243;][mk_flipbox flip_direction=&#8221;vertical&#8221; front_background_color=&#8221;#b70e3b&#8221; back_background_color=&#8221;#b70e3b&#8221; image=&#8221;https:\/\/formatconversion.com\/\/wp-content\/uploads\/sites\/7\/2021\/03\/digbimconversion2.png&#8221; front_title=&#8221;BIM f\u00f6r fastighets- eller industrif\u00f6rvaltning&#8221; front_title_size=&#8221;24&#8243; front_title_color=&#8221;#ffffff&#8221; back_desc=&#8221;F\u00f6r behov av mer information: addera speciella egenskaper f\u00f6r fastighets- eller industrif\u00f6rvaltning&#8221; back_desc_size=&#8221;14&#8243; back_desc_color=&#8221;#ffffff&#8221; button_url=&#8221;https:\/\/formatconversion.com\/\/sv\/bim-modellering\/&#8221; button_text=&#8221;L\u00c4S MER&#8221; el_class=&#8221;bim-konvertering&#8221;][\/vc_column][\/vc_row][vc_row visibility=&#8221;hidden-sm&#8221;][vc_column width=&#8221;1\/3&#8243;][mk_flipbox flip_direction=&#8221;vertical&#8221; front_background_color=&#8221;#8a1119&#8243; back_background_color=&#8221;#590017&#8243; image=&#8221;https:\/\/formatconversion.com\/\/wp-content\/uploads\/sites\/7\/2021\/09\/digschematicconversion2.png&#8221; front_title=&#8221;Elschema-konvertering f\u00f6r effektivare objekts\u00f6kning&#8221; front_title_size=&#8221;24&#8243; front_title_color=&#8221;#ffffff&#8221; back_desc=&#8221;Elschema-konvertering inklusive byte av ritningsblanketter och inf\u00f6randet av s\u00f6kattribut p\u00e5 varje objekt&#8221; back_desc_size=&#8221;14&#8243; back_desc_color=&#8221;#ffffff&#8221; button_url=&#8221;https:\/\/formatconversion.com\/\/sv\/elschema-konvertering\/&#8221; button_text=&#8221;L\u00c4S MER&#8221; el_class=&#8221;schema-konvertering&#8221;][\/vc_column][vc_column width=&#8221;1\/3&#8243;][mk_flipbox flip_direction=&#8221;vertical&#8221; front_background_color=&#8221;#8a1119&#8243; back_background_color=&#8221;#8a1119&#8243; image=&#8221;https:\/\/formatconversion.com\/\/wp-content\/uploads\/sites\/7\/2021\/09\/digdrawingmaintenance.png&#8221; front_title=&#8221;L\u00f6pande ritningsunderh\u00e5ll f\u00f6r effektiv verksamhet&#8221; front_title_size=&#8221;24&#8243; front_title_color=&#8221;#ffffff&#8221; back_desc=&#8221;Underh\u00e5ll av ritningar genom l\u00f6pande redigeringar efter behov&#8221; back_desc_size=&#8221;14&#8243; back_desc_color=&#8221;#ffffff&#8221; button_url=&#8221;https:\/\/formatconversion.com\/\/sv\/ritningsredigering-haller-dina-ritningar-a-jour\/&#8221; button_text=&#8221;L\u00c4S MER&#8221; el_class=&#8221;ritnings-konvertering&#8221;][\/vc_column][vc_column width=&#8221;1\/3&#8243;][mk_flipbox flip_direction=&#8221;vertical&#8221; front_background_color=&#8221;#8a1119&#8243; back_background_color=&#8221;#c91041&#8243; image=&#8221;https:\/\/formatconversion.com\/\/wp-content\/uploads\/sites\/7\/2021\/09\/digengineeringstandards.png&#8221; front_title=&#8221;Anpassning till ingenj\u00f6rsstandarder&#8221; front_title_size=&#8221;24&#8243; front_title_color=&#8221;#ffffff&#8221; back_desc=&#8221;Anpassa till g\u00e4llande ingenj\u00f6rsstandarder f\u00f6r att underl\u00e4tta framtida samarbeten&#8221; back_desc_size=&#8221;14&#8243; back_desc_color=&#8221;#ffffff&#8221; button_url=&#8221;https:\/\/formatconversion.com\/\/sv\/ingenjorsstandarder\/&#8221; button_text=&#8221;L\u00c4S MER&#8221; el_class=&#8221;kundreferenser&#8221;][\/vc_column][\/vc_row][mk_page_section visibility=&#8221;visible-sm&#8221; sidebar=&#8221;sidebar-1&#8243;][vc_column width=&#8221;1\/3&#8243;][mk_image src=&#8221;https:\/\/formatconversion.com\/\/wp-content\/uploads\/sites\/7\/2021\/03\/dig2dconversion2.png&#8221; image_size=&#8221;full&#8221;][mk_padding_divider size=&#8221;1&#8243;][vc_row_inner css=&#8221;.vc_custom_1550229144871{background-image: url(https:\/\/formatconversion.com\/\/wp-content\/uploads\/sites\/7\/2019\/02\/DigitizationPic500x313_3.jpg?id=7377) !important;background-position: center !important;background-repeat: no-repeat !important;background-size: cover !important;}&#8221;][vc_column_inner][vc_column_text disable_pattern=&#8221;false&#8221; align=&#8221;center&#8221; el_class=&#8221;startpage_header_bg&#8221;]\n<div class=\"startpage-product-wrapper\"><span style=\"font-size: 24px; color: #ffffff!important; margin-bottom: 0px!important; vertical-align: middle;\">Dokument- och informationssystem<\/span><\/div>\n[\/vc_column_text][\/vc_column_inner][\/vc_row_inner][mk_padding_divider size=&#8221;10&#8243;][vc_column_text]2D och 3D CAD-konvertering av ritningar och dokument. Kan f\u00f6rses med\u00a0 \u00f6nskad ingenj\u00f6rsinformation och levereras i en gemensam databas.[\/vc_column_text][mk_button dimension=&#8221;flat&#8221; url=&#8221;https:\/\/formatconversion.com\/\/home-4\/2d-konvertering\/&#8221;]READ MORE[\/mk_button][mk_padding_divider size=&#8221;30&#8243;][\/vc_column][vc_column width=&#8221;1\/3&#8243;][mk_image src=&#8221;https:\/\/formatconversion.com\/\/wp-content\/uploads\/sites\/7\/2021\/03\/dig3dconversion2.png&#8221; image_size=&#8221;full&#8221;][mk_padding_divider size=&#8221;1&#8243;][vc_row_inner css=&#8221;.vc_custom_1549358847650{background-image: url(https:\/\/formatconversion.com\/\/wp-content\/uploads\/sites\/7\/2019\/02\/stock-photo-blue-print-and-d-house-background-77794519.jpg?id=7077) !important;background-position: center !important;background-repeat: no-repeat !important;background-size: cover !important;}&#8221;][vc_column_inner][vc_column_text disable_pattern=&#8221;false&#8221; align=&#8221;center&#8221; margin_bottom=&#8221;10&#8243; el_class=&#8221;startpage_header_bg&#8221;]\n<div class=\"startpage-product-wrapper\"><span style=\"color: #ffffff!important; margin-bottom: 0px!important; vertical-align: middle;\">Dokumentsystem i molnet<\/span><\/div>\n[\/vc_column_text][\/vc_column_inner][\/vc_row_inner][mk_padding_divider size=&#8221;10&#8243;][vc_column_text]Molnbaserat dokumentarkiv f\u00f6r att s\u00f6ka, dela, visa, r\u00f6d\u00e4ndra och notera p\u00e5 dokumentationen. Underl\u00e4ttar ordning och reda och visar enbart godk\u00e4nda versioner, och \u00e4r enkelt tillg\u00e4ngligt.[\/vc_column_text][mk_button dimension=&#8221;flat&#8221; url=&#8221;https:\/\/trixsystems.com\/en\/home-4\/trix-fastdoc\/&#8221;]READ MORE[\/mk_button][mk_padding_divider size=&#8221;30&#8243;][\/vc_column][vc_column width=&#8221;1\/3&#8243;][mk_image src=&#8221;https:\/\/formatconversion.com\/\/wp-content\/uploads\/sites\/7\/2021\/03\/digbimconversion2.png&#8221; image_size=&#8221;full&#8221;][mk_padding_divider size=&#8221;1&#8243;][vc_row_inner css=&#8221;.vc_custom_1489413277756{background-image: url(https:\/\/trixsystems.com\/wp-content\/uploads\/sites\/2\/2016\/02\/DC-temabild.jpg?id=5140) !important;background-position: center !important;background-repeat: no-repeat !important;background-size: cover !important;}&#8221;][vc_column_inner][vc_column_text disable_pattern=&#8221;false&#8221; align=&#8221;center&#8221; el_class=&#8221;startpage_header_bg&#8221;]\n<div class=\"startpage-product-wrapper\"><span style=\"color: #ffffff!important; margin-bottom: 0px!important; vertical-align: middle;\">Ritningsvisare f\u00f6r CAD<\/span><\/div>\n[\/vc_column_text][\/vc_column_inner][\/vc_row_inner][mk_padding_divider size=&#8221;10&#8243;][vc_column_text]Fullbestyckad dokumentvisare f\u00f6r ritningar och utan behov av CAD-program. Verktyget inkluderar funktioner f\u00f6r zoomning, panorering, m\u00e4tning, r\u00f6d\u00e4ndringar, utskrift till PDF och j\u00e4mf\u00f6ra ritningar.[\/vc_column_text][mk_button dimension=&#8221;flat&#8221; url=&#8221;https:\/\/trixsystems.com\/en\/home-4\/trix-drawingcenter\/&#8221;]READ MORE[\/mk_button][mk_padding_divider size=&#8221;30&#8243;][\/vc_column][\/mk_page_section][mk_page_section padding_top=&#8221;0&#8243; visibility=&#8221;visible-sm&#8221; sidebar=&#8221;sidebar-1&#8243;][vc_column width=&#8221;1\/3&#8243;][mk_image src=&#8221;https:\/\/formatconversion.com\/\/wp-content\/uploads\/sites\/7\/2021\/09\/digschematicconversion2.png&#8221; image_size=&#8221;full&#8221;][mk_padding_divider size=&#8221;1&#8243;][vc_row_inner css=&#8221;.vc_custom_1489415532752{background-image: url(https:\/\/trixsystems.com\/wp-content\/uploads\/sites\/2\/2016\/02\/TT-temabild.jpg?id=5138) !important;background-position: center !important;background-repeat: no-repeat !important;background-size: cover !important;}&#8221;][vc_column_inner][vc_column_text disable_pattern=&#8221;false&#8221; align=&#8221;center&#8221; el_class=&#8221;startpage_header_bg&#8221;]\n<div class=\"startpage-product-wrapper\"><span style=\"color: #ffffff!important; margin-bottom: 0px!important; vertical-align: middle;\">Redigera, vektorisera och kontrollera ritningar<\/span><\/div>\n[\/vc_column_text][\/vc_column_inner][\/vc_row_inner][mk_padding_divider size=&#8221;10&#8243;][vc_column_text css=&#8221;.vc_custom_1631547451863{margin-bottom: 0px !important;}&#8221;]xxxxxxxxxxxxx[\/vc_column_text][mk_button dimension=&#8221;flat&#8221; url=&#8221;https:\/\/trixsystems.com\/en\/home-4\/trix-tractrix\/&#8221;]READ MORE[\/mk_button][mk_padding_divider size=&#8221;30&#8243;][\/vc_column][vc_column width=&#8221;1\/3&#8243;][mk_image src=&#8221;https:\/\/formatconversion.com\/\/wp-content\/uploads\/sites\/7\/2021\/09\/digdrawingmaintenance.png&#8221; image_size=&#8221;full&#8221;][mk_padding_divider size=&#8221;1&#8243;][vc_row_inner css=&#8221;.vc_custom_1489415641110{background-image: url(https:\/\/trixsystems.com\/wp-content\/uploads\/sites\/2\/2016\/02\/RS-temabild.jpg?id=5128) !important;background-position: center !important;background-repeat: no-repeat !important;background-size: cover !important;}&#8221;][vc_column_inner][vc_column_text disable_pattern=&#8221;false&#8221; align=&#8221;center&#8221; el_class=&#8221;startpage_header_bg&#8221;]\n<div class=\"startpage-product-wrapper\"><span style=\"color: #ffffff!important; margin-bottom: 0px!important; vertical-align: middle;\">Konevertering till publiceringsv\u00e4nliga filformat<\/span><\/div>\n[\/vc_column_text][\/vc_column_inner][\/vc_row_inner][mk_padding_divider size=&#8221;10&#8243;][vc_column_text css=&#8221;.vc_custom_1631547462661{margin-bottom: 0px !important;}&#8221;]yyyyyyyyyyyyyyyyy[\/vc_column_text][mk_button dimension=&#8221;flat&#8221; url=&#8221;https:\/\/trixsystems.com\/en\/home-4\/trix-rasterserver\/&#8221;]READ MORE[\/mk_button][mk_padding_divider size=&#8221;30&#8243;][\/vc_column][vc_column width=&#8221;1\/3&#8243;][mk_image src=&#8221;https:\/\/formatconversion.com\/\/wp-content\/uploads\/sites\/7\/2021\/09\/digengineeringstandards.png&#8221; image_size=&#8221;full&#8221;][mk_padding_divider size=&#8221;1&#8243;][vc_row_inner css=&#8221;.vc_custom_1489415735955{background-image: url(https:\/\/trixsystems.com\/wp-content\/uploads\/sites\/2\/2016\/02\/IM-temabild.jpg?id=5142) !important;background-position: center !important;background-repeat: no-repeat !important;background-size: cover !important;}&#8221;][vc_column_inner][vc_column_text disable_pattern=&#8221;false&#8221; align=&#8221;center&#8221; el_class=&#8221;startpage_header_bg&#8221;]\n<div class=\"startpage-product-wrapper\"><span style=\"color: #ffffff!important; margin-bottom: 0px!important; vertical-align: middle;\">Renderingsserver med utskriftshantering \u00f6ver Internet<\/span><\/div>\n[\/vc_column_text][\/vc_column_inner][\/vc_row_inner][mk_padding_divider size=&#8221;10&#8243;][vc_column_text css=&#8221;.vc_custom_1631547471286{margin-bottom: 0px !important;}&#8221;]zzzzzzzzzzzzzzzzzzzzzz[\/vc_column_text][mk_button dimension=&#8221;flat&#8221; url=&#8221;https:\/\/trixsystems.com\/en\/home-4\/trix-imagemaker\/&#8221;]READ MORE[\/mk_button][mk_padding_divider size=&#8221;30&#8243;][\/vc_column][\/mk_page_section]\n<\/div>","protected":false},"excerpt":{"rendered":"<p>[vc_row fullwidth=&#8221;true&#8221; fullwidth_content=&#8221;false&#8221; css=&#8221;.vc_custom_1617006044798{padding-top: 25px !important;padding-right: 0px !important;padding-bottom: 25px !important;padding-left: 0px !important;background-image: url(https:\/\/formatconversion.com\/\/wp-content\/uploads\/sites\/7\/2021\/03\/ingresstripe_ritningskonvertering2.jpg?id=7442) !important;background-position: center !important;background-repeat: no-repeat !important;background-size: cover !important;}&#8221;][vc_column][\/vc_column][\/vc_row][vc_row fullwidth=&#8221;true&#8221;][vc_column][mk_layerslider id=&#8221;23&#8243;][\/vc_column][\/vc_row][vc_row fullwidth=&#8221;true&#8221; fullwidth_content=&#8221;false&#8221; css=&#8221;.vc_custom_1617006058348{padding-top: 25px !important;padding-right: 0px !important;padding-bottom: 25px !important;padding-left: 0px !important;background-image: url(https:\/\/formatconversion.com\/\/wp-content\/uploads\/sites\/7\/2021\/03\/ingresstripe_ritningskonvertering2.jpg?id=7442) !important;background-position: center !important;background-repeat: no-repeat !important;background-size: cover !important;}&#8221;][vc_column][\/vc_column][\/vc_row][vc_row visibility=&#8221;hidden-sm&#8221; css=&#8221;.vc_custom_1489410769519{padding-top: 35px !important;}&#8221;][vc_column width=&#8221;1\/3&#8243;][mk_flipbox flip_direction=&#8221;vertical&#8221; front_background_color=&#8221;#8a1119&#8243; back_background_color=&#8221;#8a1119&#8243; image=&#8221;https:\/\/formatconversion.com\/\/wp-content\/uploads\/sites\/7\/2021\/03\/dig2dconversion2.png&#8221; front_title=&#8221;Formatkonvertering till digitala 2D-ritningar&#8221; front_title_size=&#8221;24&#8243; [&hellip;]<\/p>\n","protected":false},"author":1,"featured_media":0,"parent":0,"menu_order":0,"comment_status":"open","ping_status":"closed","template":"","meta":{"footnotes":""},"class_list":["post-2811","page","type-page","status-publish","hentry"],"translation":{"provider":"WPGlobus","version":"3.0.2","language":"sv","enabled_languages":["en","sv"],"languages":{"en":{"title":true,"content":true,"excerpt":false},"sv":{"title":true,"content":true,"excerpt":false}}},"_links":{"self":[{"href":"https:\/\/formatconversion.com\/sv\/wp-json\/wp\/v2\/pages\/2811","targetHints":{"allow":["GET"]}}],"collection":[{"href":"https:\/\/formatconversion.com\/sv\/wp-json\/wp\/v2\/pages"}],"about":[{"href":"https:\/\/formatconversion.com\/sv\/wp-json\/wp\/v2\/types\/page"}],"author":[{"embeddable":true,"href":"https:\/\/formatconversion.com\/sv\/wp-json\/wp\/v2\/users\/1"}],"replies":[{"embeddable":true,"href":"https:\/\/formatconversion.com\/sv\/wp-json\/wp\/v2\/comments?post=2811"}],"version-history":[{"count":11,"href":"https:\/\/formatconversion.com\/sv\/wp-json\/wp\/v2\/pages\/2811\/revisions"}],"predecessor-version":[{"id":7388,"href":"https:\/\/formatconversion.com\/sv\/wp-json\/wp\/v2\/pages\/2811\/revisions\/7388"}],"wp:attachment":[{"href":"https:\/\/formatconversion.com\/sv\/wp-json\/wp\/v2\/media?parent=2811"}],"curies":[{"name":"wp","href":"https:\/\/api.w.org\/{rel}","templated":true}]}}